{"id":1042,"date":"2026-03-19T11:30:14","date_gmt":"2026-03-19T11:30:14","guid":{"rendered":"https:\/\/professorpoupanca.pt\/?page_id=1042"},"modified":"2026-04-28T17:09:23","modified_gmt":"2026-04-28T17:09:23","slug":"mediacao-de-seguros","status":"publish","type":"page","link":"https:\/\/professorpoupanca.pt\/index.php\/mediacao-de-seguros\/","title":{"rendered":"Media\u00e7\u00e3o de Seguros"},"content":{"rendered":"\t\t<div data-elementor-type=\"wp-page\" data-elementor-id=\"1042\" class=\"elementor elementor-1042\">\n\t\t\t\t<div class=\"elementor-element elementor-element-e7043d6 e-flex e-con-boxed wpr-particle-no wpr-jarallax-no wpr-parallax-no wpr-sticky-section-no e-con e-parent\" data-id=\"e7043d6\" data-element_type=\"container\" data-settings=\"{&quot;background_background&quot;:&quot;classic&quot;}\">\n\t\t\t\t\t<div class=\"e-con-inner\">\n\t\t\t\t<div class=\"elementor-element elementor-element-95ce459 elementor-widget elementor-widget-heading\" data-id=\"95ce459\" data-element_type=\"widget\" data-widget_type=\"heading.default\">\n\t\t\t\t\t<h2 class=\"elementor-heading-title elementor-size-default\">Media\u00e7\u00e3o de Seguros<\/h2>\t\t\t\t<\/div>\n\t\t\t\t<div class=\"elementor-element elementor-element-113de94 elementor-widget__width-initial elementor-widget elementor-widget-heading\" data-id=\"113de94\" data-element_type=\"widget\" data-widget_type=\"heading.default\">\n\t\t\t\t\t<h2 class=\"elementor-heading-title elementor-size-default\">Prote\u00e7\u00e3o, seguran\u00e7a e acompanhamento especializado para escolher o seguro mais adequado \u00e0 sua realidade.\n<\/h2>\t\t\t\t<\/div>\n\t\t\t\t<div class=\"elementor-element elementor-element-c420e9a elementor-widget elementor-widget-html\" data-id=\"c420e9a\" data-element_type=\"widget\" data-widget_type=\"html.default\">\n\t\t\t\t\t<script \r\n  src=\"https:\/\/widgets.leadconnectorhq.com\/loader.js\"  \r\n  data-resources-url=\"https:\/\/widgets.leadconnectorhq.com\/chat-widget\/loader.js\" \r\n data-widget-id=\"6890b385d77734656d0c639c\"   > \r\n <\/script>\t\t\t\t<\/div>\n\t\t\t\t<div class=\"elementor-element elementor-element-0037ffb elementor-widget elementor-widget-heading\" data-id=\"0037ffb\" data-element_type=\"widget\" data-widget_type=\"heading.default\">\n\t\t\t\t\t<h2 class=\"elementor-heading-title elementor-size-default\">S\u00f3 percebemos a import\u00e2ncia de um bom seguro, quando a nossa vida d\u00e1 uma reviravolta. E, nesse momento, \u00e9 essencial estar protegido com as ap\u00f3lices mais adequadas \u00e0 sua realidade. Contar com o apoio de um Mediador de Seguros, \u00e9 saber que, caso algo n\u00e3o corra como planeado, est\u00e1 protegido e tem algu\u00e9m do seu lado pronto para ajudar. Al\u00e9m disso, este ajuda-o a encontrar as op\u00e7\u00f5es adequadas \u00e0 sua vida pessoal e aos seus neg\u00f3cios.\nRecorrendo a este apoio, a procura pelo cr\u00e9dito adequado \u00e0s suas necessidades fica facilitada. Isso acontece, pois, o Intermedi\u00e1rio ir\u00e1 fazer toda a pesquisa necess\u00e1ria para lhe apresentar as solu\u00e7\u00f5es mais vantajosas do mercado.\nJ\u00e1 n\u00e3o precisa de perder tempo com simula\u00e7\u00f5es e envio de documentos para v\u00e1rias entidades banc\u00e1rias.\nUma \u00fanica pessoa ir\u00e1 tratar de tudo por si, apresentando-lhe diferentes op\u00e7\u00f5es que se ajustem \u00e0 sua realidade.\n<\/h2>\t\t\t\t<\/div>\n\t\t\t\t<div class=\"elementor-element elementor-element-269e3bc elementor-widget-divider--view-line elementor-widget elementor-widget-divider\" data-id=\"269e3bc\" data-element_type=\"widget\" data-widget_type=\"divider.default\">\n\t\t\t\t\t\t\t<div class=\"elementor-divider\">\n\t\t\t<span class=\"elementor-divider-separator\">\n\t\t\t\t\t\t<\/span>\n\t\t<\/div>\n\t\t\t\t\t\t<\/div>\n\t\t\t\t\t<\/div>\n\t\t\t\t<\/div>\n\t\t<div class=\"elementor-element elementor-element-9216941 e-flex e-con-boxed wpr-particle-no wpr-jarallax-no wpr-parallax-no wpr-sticky-section-no e-con e-parent\" data-id=\"9216941\" data-element_type=\"container\" data-settings=\"{&quot;background_background&quot;:&quot;classic&quot;}\">\n\t\t\t\t\t<div class=\"e-con-inner\">\n\t\t\t\t<div class=\"elementor-element elementor-element-266cdc0 elementor-widget elementor-widget-heading\" data-id=\"266cdc0\" data-element_type=\"widget\" data-widget_type=\"heading.default\">\n\t\t\t\t\t<h2 class=\"elementor-heading-title elementor-size-default\">Como um mediador de seguros o pode ajudar a encontrar as ofertas mais interessantes para si?\n<\/h2>\t\t\t\t<\/div>\n\t\t\t\t<div class=\"elementor-element elementor-element-8006061 elementor-widget__width-initial elementor-widget elementor-widget-heading\" data-id=\"8006061\" data-element_type=\"widget\" data-widget_type=\"heading.default\">\n\t\t\t\t\t<h2 class=\"elementor-heading-title elementor-size-default\">Descubra como o apoio de um mediador de seguros pode simplificar a escolha e garantir solu\u00e7\u00f5es mais vantajosas para si.\n<\/h2>\t\t\t\t<\/div>\n\t\t\t\t<div class=\"elementor-element elementor-element-2432686 elementor-widget elementor-widget-html\" data-id=\"2432686\" data-element_type=\"widget\" data-widget_type=\"html.default\">\n\t\t\t\t\t<script \r\n  src=\"https:\/\/widgets.leadconnectorhq.com\/loader.js\"  \r\n  data-resources-url=\"https:\/\/widgets.leadconnectorhq.com\/chat-widget\/loader.js\" \r\n data-widget-id=\"6890b385d77734656d0c639c\"   > \r\n <\/script>\t\t\t\t<\/div>\n\t\t\t\t<div class=\"elementor-element elementor-element-c589e63 elementor-widget elementor-widget-heading\" data-id=\"c589e63\" data-element_type=\"widget\" data-widget_type=\"heading.default\">\n\t\t\t\t\t<h2 class=\"elementor-heading-title elementor-size-default\">Atrav\u00e9s de uma an\u00e1lise minuciosa, o mediador \u00e9 capaz de encontrar os melhores seguros. Os mesmos s\u00e3o 100% personalizados e ajustados \u00e0s suas necessidades reais e estilo de vida. Os nossos especialistas encontram as propostas mais vantajosas, com base no pre\u00e7o e qualidade do seguro oferecido. Tudo isto garantindo que as coberturas das ap\u00f3lices est\u00e3o alinhadas com aquilo que s\u00e3o as suas necessidades presentes e futuras. Tanto empresas como particulares podem obter um aconselhamento completo na contrata\u00e7\u00e3o de in\u00fameras tipologias de seguros. Zelamos pelos seus interesses! Como? Trabalhando com parcerias de longa data com as mais importantes seguradoras do Pa\u00eds, para encontrar as melhores solu\u00e7\u00f5es para si.\n<br><br>Como o podemos ajudar?\n<\/h2>\t\t\t\t<\/div>\n\t\t\t\t\t<\/div>\n\t\t\t\t<\/div>\n\t\t<div class=\"elementor-element elementor-element-8fc4790 e-con-full e-flex wpr-particle-no wpr-jarallax-no wpr-parallax-no wpr-sticky-section-no e-con e-parent\" data-id=\"8fc4790\" data-element_type=\"container\" data-settings=\"{&quot;background_background&quot;:&quot;classic&quot;}\">\n\t\t<div class=\"elementor-element elementor-element-76eff43 e-flex e-con-boxed wpr-particle-no wpr-jarallax-no wpr-parallax-no wpr-sticky-section-no e-con e-child\" data-id=\"76eff43\" data-element_type=\"container\">\n\t\t\t\t\t<div class=\"e-con-inner\">\n\t\t\t\t<div class=\"elementor-element elementor-element-4aa969d elementor-widget elementor-widget-image\" data-id=\"4aa969d\" data-element_type=\"widget\" data-widget_type=\"image.default\">\n\t\t\t\t\t\t\t\t\t\t\t\t\t\t\t<img decoding=\"async\" width=\"128\" height=\"128\" src=\"https:\/\/professorpoupanca.pt\/wp-content\/uploads\/2026\/03\/car-insurance.png\" class=\"attachment-large size-large wp-image-1049\" alt=\"\" \/>\t\t\t\t\t\t\t\t\t\t\t\t\t\t\t<\/div>\n\t\t<div class=\"elementor-element elementor-element-4f37ca2 e-con-full e-flex wpr-particle-no wpr-jarallax-no wpr-parallax-no wpr-sticky-section-no e-con e-child\" data-id=\"4f37ca2\" data-element_type=\"container\">\n\t\t\t\t<div class=\"elementor-element elementor-element-43e4a6d elementor-widget elementor-widget-heading\" data-id=\"43e4a6d\" data-element_type=\"widget\" data-widget_type=\"heading.default\">\n\t\t\t\t\t<h2 class=\"elementor-heading-title elementor-size-default\">Seguro Autom\u00f3vel\n<\/h2>\t\t\t\t<\/div>\n\t\t\t\t<div class=\"elementor-element elementor-element-888a008 elementor-widget elementor-widget-heading\" data-id=\"888a008\" data-element_type=\"widget\" data-widget_type=\"heading.default\">\n\t\t\t\t\t<h2 class=\"elementor-heading-title elementor-size-default\">Trata-se de um seguro obrigat\u00f3rio por lei, na vertente de responsabilidade contra terceiros. Podemos ajud\u00e1-lo a garantir as melhores coberturas.\n\n<\/h2>\t\t\t\t<\/div>\n\t\t\t\t<\/div>\n\t\t\t\t\t<\/div>\n\t\t\t\t<\/div>\n\t\t<div class=\"elementor-element elementor-element-85af354 e-flex e-con-boxed wpr-particle-no wpr-jarallax-no wpr-parallax-no wpr-sticky-section-no e-con e-child\" data-id=\"85af354\" data-element_type=\"container\">\n\t\t\t\t\t<div class=\"e-con-inner\">\n\t\t\t\t<div class=\"elementor-element elementor-element-cacf647 elementor-widget elementor-widget-image\" data-id=\"cacf647\" data-element_type=\"widget\" data-widget_type=\"image.default\">\n\t\t\t\t\t\t\t\t\t\t\t\t\t\t\t<img decoding=\"async\" width=\"128\" height=\"128\" src=\"https:\/\/professorpoupanca.pt\/wp-content\/uploads\/2026\/03\/health-insurance.png\" class=\"attachment-large size-large wp-image-1048\" alt=\"\" \/>\t\t\t\t\t\t\t\t\t\t\t\t\t\t\t<\/div>\n\t\t<div class=\"elementor-element elementor-element-e7f71b4 e-con-full e-flex wpr-particle-no wpr-jarallax-no wpr-parallax-no wpr-sticky-section-no e-con e-child\" data-id=\"e7f71b4\" data-element_type=\"container\">\n\t\t\t\t<div class=\"elementor-element elementor-element-12b665f elementor-widget elementor-widget-heading\" data-id=\"12b665f\" data-element_type=\"widget\" data-widget_type=\"heading.default\">\n\t\t\t\t\t<h2 class=\"elementor-heading-title elementor-size-default\">Seguro de Sa\u00fade\n<\/h2>\t\t\t\t<\/div>\n\t\t\t\t<div class=\"elementor-element elementor-element-9a1546e elementor-widget elementor-widget-heading\" data-id=\"9a1546e\" data-element_type=\"widget\" data-widget_type=\"heading.default\">\n\t\t\t\t\t<h2 class=\"elementor-heading-title elementor-size-default\">Nada como garantir uma prote\u00e7\u00e3o abrangente para si e para a sua fam\u00edlia. Afinal de contas n\u00e3o sabemos o que o futuro nos reserva.\n\n<\/h2>\t\t\t\t<\/div>\n\t\t\t\t<\/div>\n\t\t\t\t\t<\/div>\n\t\t\t\t<\/div>\n\t\t\t\t<\/div>\n\t\t<div class=\"elementor-element elementor-element-76d889d e-con-full e-flex wpr-particle-no wpr-jarallax-no wpr-parallax-no wpr-sticky-section-no e-con e-parent\" data-id=\"76d889d\" data-element_type=\"container\" data-settings=\"{&quot;background_background&quot;:&quot;classic&quot;}\">\n\t\t<div class=\"elementor-element elementor-element-a885e50 e-flex e-con-boxed wpr-particle-no wpr-jarallax-no wpr-parallax-no wpr-sticky-section-no e-con e-child\" data-id=\"a885e50\" data-element_type=\"container\">\n\t\t\t\t\t<div class=\"e-con-inner\">\n\t\t\t\t<div class=\"elementor-element elementor-element-60e3e78 elementor-widget elementor-widget-image\" data-id=\"60e3e78\" data-element_type=\"widget\" data-widget_type=\"image.default\">\n\t\t\t\t\t\t\t\t\t\t\t\t\t\t\t<img decoding=\"async\" width=\"128\" height=\"128\" src=\"https:\/\/professorpoupanca.pt\/wp-content\/uploads\/2026\/03\/family.png\" class=\"attachment-large size-large wp-image-1047\" alt=\"\" \/>\t\t\t\t\t\t\t\t\t\t\t\t\t\t\t<\/div>\n\t\t<div class=\"elementor-element elementor-element-00c9327 e-con-full e-flex wpr-particle-no wpr-jarallax-no wpr-parallax-no wpr-sticky-section-no e-con e-child\" data-id=\"00c9327\" data-element_type=\"container\">\n\t\t\t\t<div class=\"elementor-element elementor-element-6ba4b06 elementor-widget elementor-widget-heading\" data-id=\"6ba4b06\" data-element_type=\"widget\" data-widget_type=\"heading.default\">\n\t\t\t\t\t<h2 class=\"elementor-heading-title elementor-size-default\">Seguro de Vida\n<\/h2>\t\t\t\t<\/div>\n\t\t\t\t<div class=\"elementor-element elementor-element-73a9ce2 elementor-widget elementor-widget-heading\" data-id=\"73a9ce2\" data-element_type=\"widget\" data-widget_type=\"heading.default\">\n\t\t\t\t\t<h2 class=\"elementor-heading-title elementor-size-default\">Trata-se de um seguro obrigat\u00f3rio sempre que adquire uma casa com financiamento banc\u00e1rio. Fora esta situa\u00e7\u00e3o, poder\u00e1 salvaguardar-se em caso de alguma eventualidade.\n\n<\/h2>\t\t\t\t<\/div>\n\t\t\t\t<\/div>\n\t\t\t\t\t<\/div>\n\t\t\t\t<\/div>\n\t\t<div class=\"elementor-element elementor-element-9da74af e-flex e-con-boxed wpr-particle-no wpr-jarallax-no wpr-parallax-no wpr-sticky-section-no e-con e-child\" data-id=\"9da74af\" data-element_type=\"container\">\n\t\t\t\t\t<div class=\"e-con-inner\">\n\t\t\t\t<div class=\"elementor-element elementor-element-ae7dfef elementor-widget elementor-widget-image\" data-id=\"ae7dfef\" data-element_type=\"widget\" data-widget_type=\"image.default\">\n\t\t\t\t\t\t\t\t\t\t\t\t\t\t\t<img loading=\"lazy\" decoding=\"async\" width=\"128\" height=\"128\" src=\"https:\/\/professorpoupanca.pt\/wp-content\/uploads\/2026\/03\/home-insurance.png\" class=\"attachment-large size-large wp-image-1046\" alt=\"\" \/>\t\t\t\t\t\t\t\t\t\t\t\t\t\t\t<\/div>\n\t\t<div class=\"elementor-element elementor-element-edff6ab e-con-full e-flex wpr-particle-no wpr-jarallax-no wpr-parallax-no wpr-sticky-section-no e-con e-child\" data-id=\"edff6ab\" data-element_type=\"container\">\n\t\t\t\t<div class=\"elementor-element elementor-element-17b1df8 elementor-widget elementor-widget-heading\" data-id=\"17b1df8\" data-element_type=\"widget\" data-widget_type=\"heading.default\">\n\t\t\t\t\t<h2 class=\"elementor-heading-title elementor-size-default\">Seguro Multirriscos Habita\u00e7\u00e3o\n<\/h2>\t\t\t\t<\/div>\n\t\t\t\t<div class=\"elementor-element elementor-element-5a61c9d elementor-widget elementor-widget-heading\" data-id=\"5a61c9d\" data-element_type=\"widget\" data-widget_type=\"heading.default\">\n\t\t\t\t\t<h2 class=\"elementor-heading-title elementor-size-default\">A sua casa \u00e9 um dos seus bens mais valiosos. Por isso, deve estar bem protegido contra eventualidades ou sinistros. Ajudamo-lo a proteger os seus bens pessoais.\n\n<\/h2>\t\t\t\t<\/div>\n\t\t\t\t<\/div>\n\t\t\t\t\t<\/div>\n\t\t\t\t<\/div>\n\t\t\t\t<\/div>\n\t\t<div class=\"elementor-element elementor-element-6fdc28b e-con-full e-flex wpr-particle-no wpr-jarallax-no wpr-parallax-no wpr-sticky-section-no e-con e-parent\" data-id=\"6fdc28b\" data-element_type=\"container\" data-settings=\"{&quot;background_background&quot;:&quot;classic&quot;}\">\n\t\t<div class=\"elementor-element elementor-element-220c5e0 e-flex e-con-boxed wpr-particle-no wpr-jarallax-no wpr-parallax-no wpr-sticky-section-no e-con e-child\" data-id=\"220c5e0\" data-element_type=\"container\">\n\t\t\t\t\t<div class=\"e-con-inner\">\n\t\t\t\t<div class=\"elementor-element elementor-element-f4f31a7 elementor-widget elementor-widget-image\" data-id=\"f4f31a7\" data-element_type=\"widget\" data-widget_type=\"image.default\">\n\t\t\t\t\t\t\t\t\t\t\t\t\t\t\t<img loading=\"lazy\" decoding=\"async\" width=\"128\" height=\"128\" src=\"https:\/\/professorpoupanca.pt\/wp-content\/uploads\/2026\/03\/protect.png\" class=\"attachment-large size-large wp-image-1045\" alt=\"\" \/>\t\t\t\t\t\t\t\t\t\t\t\t\t\t\t<\/div>\n\t\t<div class=\"elementor-element elementor-element-4cbb930 e-con-full e-flex wpr-particle-no wpr-jarallax-no wpr-parallax-no wpr-sticky-section-no e-con e-child\" data-id=\"4cbb930\" data-element_type=\"container\">\n\t\t\t\t<div class=\"elementor-element elementor-element-c44d655 elementor-widget elementor-widget-heading\" data-id=\"c44d655\" data-element_type=\"widget\" data-widget_type=\"heading.default\">\n\t\t\t\t\t<h2 class=\"elementor-heading-title elementor-size-default\">Seguro de Acidentes Pessoais\n<\/h2>\t\t\t\t<\/div>\n\t\t\t\t<div class=\"elementor-element elementor-element-023c6ef elementor-widget elementor-widget-heading\" data-id=\"023c6ef\" data-element_type=\"widget\" data-widget_type=\"heading.default\">\n\t\t\t\t\t<h2 class=\"elementor-heading-title elementor-size-default\">Os imprevistos n\u00e3o escolhem dia, hora ou local para acontecer. Garantimos que se sinta sempre seguro e protegido em qualquer situa\u00e7\u00e3o.\n\n<\/h2>\t\t\t\t<\/div>\n\t\t\t\t<\/div>\n\t\t\t\t\t<\/div>\n\t\t\t\t<\/div>\n\t\t<div class=\"elementor-element elementor-element-3b53561 e-flex e-con-boxed wpr-particle-no wpr-jarallax-no wpr-parallax-no wpr-sticky-section-no e-con e-child\" data-id=\"3b53561\" data-element_type=\"container\">\n\t\t\t\t\t<div class=\"e-con-inner\">\n\t\t\t\t<div class=\"elementor-element elementor-element-c512871 elementor-widget elementor-widget-image\" data-id=\"c512871\" data-element_type=\"widget\" data-widget_type=\"image.default\">\n\t\t\t\t\t\t\t\t\t\t\t\t\t\t\t<img loading=\"lazy\" decoding=\"async\" width=\"128\" height=\"128\" src=\"https:\/\/professorpoupanca.pt\/wp-content\/uploads\/2026\/03\/workplace.png\" class=\"attachment-large size-large wp-image-1044\" alt=\"\" \/>\t\t\t\t\t\t\t\t\t\t\t\t\t\t\t<\/div>\n\t\t<div class=\"elementor-element elementor-element-de31326 e-con-full e-flex wpr-particle-no wpr-jarallax-no wpr-parallax-no wpr-sticky-section-no e-con e-child\" data-id=\"de31326\" data-element_type=\"container\">\n\t\t\t\t<div class=\"elementor-element elementor-element-c95639b elementor-widget elementor-widget-heading\" data-id=\"c95639b\" data-element_type=\"widget\" data-widget_type=\"heading.default\">\n\t\t\t\t\t<h2 class=\"elementor-heading-title elementor-size-default\">Seguro de Acidentes de Trabalho\n<\/h2>\t\t\t\t<\/div>\n\t\t\t\t<div class=\"elementor-element elementor-element-f842c35 elementor-widget elementor-widget-heading\" data-id=\"f842c35\" data-element_type=\"widget\" data-widget_type=\"heading.default\">\n\t\t\t\t\t<h2 class=\"elementor-heading-title elementor-size-default\">Todos estamos sujeitos a sofrer um acidente quando estamos a trabalhar. Embora sejam obrigat\u00f3rios por lei, garanta ap\u00f3lices adequadas \u00e0 sua realidade.\n\n<\/h2>\t\t\t\t<\/div>\n\t\t\t\t<\/div>\n\t\t\t\t\t<\/div>\n\t\t\t\t<\/div>\n\t\t\t\t<\/div>\n\t\t<div class=\"elementor-element elementor-element-807165a e-flex e-con-boxed wpr-particle-no wpr-jarallax-no wpr-parallax-no wpr-sticky-section-no e-con e-parent\" data-id=\"807165a\" data-element_type=\"container\">\n\t\t\t\t\t<div class=\"e-con-inner\">\n\t\t\t\t<div class=\"elementor-element elementor-element-35d2d98 elementor-widget elementor-widget-spacer\" data-id=\"35d2d98\" data-element_type=\"widget\" data-widget_type=\"spacer.default\">\n\t\t\t\t\t\t\t<div class=\"elementor-spacer\">\n\t\t\t<div class=\"elementor-spacer-inner\"><\/div>\n\t\t<\/div>\n\t\t\t\t\t\t<\/div>\n\t\t\t\t<div class=\"elementor-element elementor-element-4ccad2d elementor-widget__width-initial elementor-widget elementor-widget-heading\" data-id=\"4ccad2d\" data-element_type=\"widget\" data-widget_type=\"heading.default\">\n\t\t\t\t\t<h2 class=\"elementor-heading-title elementor-size-default\">ESTAMOS AQUI PARA OUVIR, ESCLARECER E AJUDAR<\/h2>\t\t\t\t<\/div>\n\t\t\t\t<div class=\"elementor-element elementor-element-20ee141 elementor-widget elementor-widget-heading\" data-id=\"20ee141\" data-element_type=\"widget\" data-widget_type=\"heading.default\">\n\t\t\t\t\t<h2 class=\"elementor-heading-title elementor-size-default\">Fale com um especialista<\/h2>\t\t\t\t<\/div>\n\t\t<div class=\"elementor-element elementor-element-f65ac63 e-con-full e-flex wpr-particle-no wpr-jarallax-no wpr-parallax-no wpr-sticky-section-no e-con e-child\" data-id=\"f65ac63\" data-element_type=\"container\" data-settings=\"{&quot;background_background&quot;:&quot;classic&quot;}\">\n\t\t<div class=\"elementor-element elementor-element-bfd77fd e-con-full e-flex wpr-particle-no wpr-jarallax-no wpr-parallax-no wpr-sticky-section-no e-con e-child\" data-id=\"bfd77fd\" data-element_type=\"container\" data-settings=\"{&quot;background_background&quot;:&quot;classic&quot;}\">\n\t\t\t\t<div class=\"elementor-element elementor-element-fda8c99 elementor-widget elementor-widget-image\" data-id=\"fda8c99\" data-element_type=\"widget\" data-widget_type=\"image.default\">\n\t\t\t\t\t\t\t\t\t\t\t\t\t\t\t<img loading=\"lazy\" decoding=\"async\" width=\"683\" height=\"1024\" src=\"https:\/\/professorpoupanca.pt\/wp-content\/uploads\/2026\/02\/ChatGPT-Image-2_02_2026-11_20_07-683x1024.png\" class=\"attachment-large size-large wp-image-550\" alt=\"\" srcset=\"https:\/\/professorpoupanca.pt\/wp-content\/uploads\/2026\/02\/ChatGPT-Image-2_02_2026-11_20_07-683x1024.png 683w, https:\/\/professorpoupanca.pt\/wp-content\/uploads\/2026\/02\/ChatGPT-Image-2_02_2026-11_20_07-200x300.png 200w, https:\/\/professorpoupanca.pt\/wp-content\/uploads\/2026\/02\/ChatGPT-Image-2_02_2026-11_20_07-768x1152.png 768w, https:\/\/professorpoupanca.pt\/wp-content\/uploads\/2026\/02\/ChatGPT-Image-2_02_2026-11_20_07.png 1024w\" sizes=\"(max-width: 683px) 100vw, 683px\" \/>\t\t\t\t\t\t\t\t\t\t\t\t\t\t\t<\/div>\n\t\t\t\t<\/div>\n\t\t\t\t<div class=\"elementor-element elementor-element-43908fe elementor-widget__width-initial elementor-widget elementor-widget-html\" data-id=\"43908fe\" data-element_type=\"widget\" data-widget_type=\"html.default\">\n\t\t\t\t\t<iframe\r\n    src=\"https:\/\/api.leadconnectorhq.com\/widget\/form\/UF06qVbREUfV5AwViWRX\"\r\n    style=\"width:100%;height:100%;border:none;border-radius:0px\"\r\n    id=\"inline-UF06qVbREUfV5AwViWRX\" \r\n    data-layout=\"{'id':'INLINE'}\"\r\n    data-trigger-type=\"alwaysShow\"\r\n    data-trigger-value=\"\"\r\n    data-activation-type=\"alwaysActivated\"\r\n    data-activation-value=\"\"\r\n    data-deactivation-type=\"neverDeactivate\"\r\n    data-deactivation-value=\"\"\r\n    data-form-name=\"Discover new Marketing Strategies - Copy\"\r\n    data-height=\"778\"\r\n    data-layout-iframe-id=\"inline-UF06qVbREUfV5AwViWRX\"\r\n    data-form-id=\"UF06qVbREUfV5AwViWRX\"\r\n    title=\"Discover new Marketing Strategies - Copy\"\r\n        >\r\n<\/iframe>\r\n<script src=\"https:\/\/link.msgsndr.com\/js\/form_embed.js\"><\/script>\t\t\t\t<\/div>\n\t\t\t\t<\/div>\n\t\t\t\t\t<\/div>\n\t\t\t\t<\/div>\n\t\t\t\t<\/div>\n\t\t","protected":false},"excerpt":{"rendered":"<p>Media\u00e7\u00e3o de Seguros Prote\u00e7\u00e3o, seguran\u00e7a e acompanhamento especializado para escolher o seguro mais adequado \u00e0 sua realidade. S\u00f3 percebemos a import\u00e2ncia de um bom seguro, quando a nossa vida d\u00e1 uma reviravolta. E, nesse momento, \u00e9 essencial estar protegido com as ap\u00f3lices mais adequadas \u00e0 sua realidade. Contar com o apoio de um Mediador de Seguros, \u00e9 saber que, caso algo n\u00e3o corra como planeado, est\u00e1 protegido e tem algu\u00e9m do seu lado pronto para ajudar. Al\u00e9m disso, este ajuda-o a encontrar as op\u00e7\u00f5es adequadas \u00e0 sua vida pessoal e aos seus neg\u00f3cios. Recorrendo a este apoio, a procura pelo cr\u00e9dito adequado \u00e0s suas necessidades fica facilitada. Isso acontece, pois, o Intermedi\u00e1rio ir\u00e1 fazer toda a pesquisa necess\u00e1ria para lhe apresentar as solu\u00e7\u00f5es mais vantajosas do mercado. J\u00e1 n\u00e3o precisa de perder tempo com simula\u00e7\u00f5es e envio de documentos para v\u00e1rias entidades banc\u00e1rias. Uma \u00fanica pessoa ir\u00e1 tratar de tudo por si, apresentando-lhe diferentes op\u00e7\u00f5es que se ajustem \u00e0 sua realidade. Como um mediador de seguros o pode ajudar a encontrar as ofertas mais interessantes para si? Descubra como o apoio de um mediador de seguros pode simplificar a escolha e garantir solu\u00e7\u00f5es mais vantajosas para si. Atrav\u00e9s de uma an\u00e1lise minuciosa, o mediador \u00e9 capaz de encontrar os melhores seguros. Os mesmos s\u00e3o 100% personalizados e ajustados \u00e0s suas necessidades reais e estilo de vida. Os nossos especialistas encontram as propostas mais vantajosas, com base no pre\u00e7o e qualidade do seguro oferecido. Tudo isto garantindo que as coberturas das ap\u00f3lices est\u00e3o alinhadas com aquilo que s\u00e3o as suas necessidades presentes e futuras. Tanto empresas como particulares podem obter um aconselhamento completo na contrata\u00e7\u00e3o de in\u00fameras tipologias de seguros. Zelamos pelos seus interesses! Como? Trabalhando com parcerias de longa data com as mais importantes seguradoras do Pa\u00eds, para encontrar as melhores solu\u00e7\u00f5es para si. Como o podemos ajudar? Seguro Autom\u00f3vel Trata-se de um seguro obrigat\u00f3rio por lei, na vertente de responsabilidade contra terceiros. Podemos ajud\u00e1-lo a garantir as melhores coberturas. Seguro de Sa\u00fade Nada como garantir uma prote\u00e7\u00e3o abrangente para si e para a sua fam\u00edlia. Afinal de contas n\u00e3o sabemos o que o futuro nos reserva. Seguro de Vida Trata-se de um seguro obrigat\u00f3rio sempre que adquire uma casa com financiamento banc\u00e1rio. Fora esta situa\u00e7\u00e3o, poder\u00e1 salvaguardar-se em caso de alguma eventualidade. Seguro Multirriscos Habita\u00e7\u00e3o A sua casa \u00e9 um dos seus bens mais valiosos. Por isso, deve estar bem protegido contra eventualidades ou sinistros. Ajudamo-lo a proteger os seus bens pessoais. Seguro de Acidentes Pessoais Os imprevistos n\u00e3o escolhem dia, hora ou local para acontecer. Garantimos que se sinta sempre seguro e protegido em qualquer situa\u00e7\u00e3o. Seguro de Acidentes de Trabalho Todos estamos sujeitos a sofrer um acidente quando estamos a trabalhar. Embora sejam obrigat\u00f3rios por lei, garanta ap\u00f3lices adequadas \u00e0 sua realidade. ESTAMOS AQUI PARA OUVIR, ESCLARECER E AJUDAR Fale com um especialista<\/p>\n","protected":false},"author":1,"featured_media":0,"parent":0,"menu_order":0,"comment_status":"closed","ping_status":"closed","template":"elementor_header_footer","meta":{"footnotes":""},"class_list":["post-1042","page","type-page","status-publish","hentry"],"_links":{"self":[{"href":"https:\/\/professorpoupanca.pt\/index.php\/wp-json\/wp\/v2\/pages\/1042","targetHints":{"allow":["GET"]}}],"collection":[{"href":"https:\/\/professorpoupanca.pt\/index.php\/wp-json\/wp\/v2\/pages"}],"about":[{"href":"https:\/\/professorpoupanca.pt\/index.php\/wp-json\/wp\/v2\/types\/page"}],"author":[{"embeddable":true,"href":"https:\/\/professorpoupanca.pt\/index.php\/wp-json\/wp\/v2\/users\/1"}],"replies":[{"embeddable":true,"href":"https:\/\/professorpoupanca.pt\/index.php\/wp-json\/wp\/v2\/comments?post=1042"}],"version-history":[{"count":19,"href":"https:\/\/professorpoupanca.pt\/index.php\/wp-json\/wp\/v2\/pages\/1042\/revisions"}],"predecessor-version":[{"id":1303,"href":"https:\/\/professorpoupanca.pt\/index.php\/wp-json\/wp\/v2\/pages\/1042\/revisions\/1303"}],"wp:attachment":[{"href":"https:\/\/professorpoupanca.pt\/index.php\/wp-json\/wp\/v2\/media?parent=1042"}],"curies":[{"name":"wp","href":"https:\/\/api.w.org\/{rel}","templated":true}]}}