{"id":1196,"date":"2026-04-28T15:37:47","date_gmt":"2026-04-28T15:37:47","guid":{"rendered":"https:\/\/professorpoupanca.pt\/?page_id=1196"},"modified":"2026-04-28T17:20:06","modified_gmt":"2026-04-28T17:20:06","slug":"simulador-taxa-de-esforco","status":"publish","type":"page","link":"https:\/\/professorpoupanca.pt\/index.php\/simulador-taxa-de-esforco\/","title":{"rendered":"Simulador Taxa de Esfor\u00e7o"},"content":{"rendered":"\t\t<div data-elementor-type=\"wp-page\" data-elementor-id=\"1196\" class=\"elementor elementor-1196\">\n\t\t\t\t<div class=\"elementor-element elementor-element-c2b9bfa e-flex e-con-boxed wpr-particle-no wpr-jarallax-no wpr-parallax-no wpr-sticky-section-no e-con e-parent\" data-id=\"c2b9bfa\" data-element_type=\"container\">\n\t\t\t\t\t<div class=\"e-con-inner\">\n\t\t\t\t<div class=\"elementor-element elementor-element-17ef1f4 elementor-widget elementor-widget-spacer\" data-id=\"17ef1f4\" data-element_type=\"widget\" data-widget_type=\"spacer.default\">\n\t\t\t\t\t\t\t<div class=\"elementor-spacer\">\n\t\t\t<div class=\"elementor-spacer-inner\"><\/div>\n\t\t<\/div>\n\t\t\t\t\t\t<\/div>\n\t\t\t\t<div class=\"elementor-element elementor-element-e345c6a elementor-widget__width-initial elementor-widget elementor-widget-heading\" data-id=\"e345c6a\" data-element_type=\"widget\" data-widget_type=\"heading.default\">\n\t\t\t\t\t<h2 class=\"elementor-heading-title elementor-size-default\">Taxa de Esfor\u00e7o<\/h2>\t\t\t\t<\/div>\n\t\t\t\t<div class=\"elementor-element elementor-element-2fb3418 elementor-widget elementor-widget-heading\" data-id=\"2fb3418\" data-element_type=\"widget\" data-widget_type=\"heading.default\">\n\t\t\t\t\t<h2 class=\"elementor-heading-title elementor-size-default\">Fa\u00e7a a sua Simula\u00e7\u00e3o<\/h2>\t\t\t\t<\/div>\n\t\t\t\t<div class=\"elementor-element elementor-element-90fdbc1 elementor-widget elementor-widget-html\" data-id=\"90fdbc1\" data-element_type=\"widget\" data-widget_type=\"html.default\">\n\t\t\t\t\t<iframe\r\n    id=\"simulasite-dsti\"\r\n    src=\"https:\/\/www.simulasite.pt\/embed\/dsti?id=3d178eb4-79f4-463c-a8ed-674e43c54aff&displayMode=iframe\"\r\n    width=\"100%\"\r\n    style=\"border:none; min-height:400px;\"\r\n    frameborder=\"0\"\r\n><\/iframe>\r\n<script>\r\nwindow.addEventListener('message',function(e){if(e.data&&e.data.type==='simulasite-resize'){var f=document.getElementById('simulasite-'+e.data.simulatorId);if(f)f.style.height=e.data.height+'px';}});\r\n<\/script>\t\t\t\t<\/div>\n\t\t\t\t<div class=\"elementor-element elementor-element-d02328a elementor-widget elementor-widget-html\" data-id=\"d02328a\" data-element_type=\"widget\" data-widget_type=\"html.default\">\n\t\t\t\t\t<script \r\n  src=\"https:\/\/widgets.leadconnectorhq.com\/loader.js\"  \r\n  data-resources-url=\"https:\/\/widgets.leadconnectorhq.com\/chat-widget\/loader.js\" \r\n data-widget-id=\"6890b385d77734656d0c639c\"   > \r\n <\/script>\t\t\t\t<\/div>\n\t\t\t\t<div class=\"elementor-element elementor-element-30f4f09 elementor-widget__width-initial elementor-widget elementor-widget-heading\" data-id=\"30f4f09\" data-element_type=\"widget\" data-widget_type=\"heading.default\">\n\t\t\t\t\t<h2 class=\"elementor-heading-title elementor-size-default\">Taxa de Esfor\u00e7o: Calcule o Peso das Suas Despesas<\/h2>\t\t\t\t<\/div>\n\t\t\t\t<div class=\"elementor-element elementor-element-fc522e1 elementor-widget elementor-widget-heading\" data-id=\"fc522e1\" data-element_type=\"widget\" data-widget_type=\"heading.default\">\n\t\t\t\t\t<h2 class=\"elementor-heading-title elementor-size-default\">Fa\u00e7a a sua Simula\u00e7\u00e3o<\/h2>\t\t\t\t<\/div>\n\t\t\t\t<div class=\"elementor-element elementor-element-563e3ac elementor-widget__width-initial elementor-widget elementor-widget-heading\" data-id=\"563e3ac\" data-element_type=\"widget\" data-widget_type=\"heading.default\">\n\t\t\t\t\t<h2 class=\"elementor-heading-title elementor-size-default\"><p data-start=\"144\" data-end=\"591\">O simulador de taxa de esfor\u00e7o permite-lhe perceber qual \u00e9 a percentagem do seu rendimento mensal que est\u00e1 a ser utilizada para pagar cr\u00e9ditos e outras despesas fixas. Ao utilizar esta ferramenta, consegue avaliar se a sua situa\u00e7\u00e3o financeira est\u00e1 equilibrada e dentro dos limites recomendados, especialmente no caso de cr\u00e9dito habita\u00e7\u00e3o. Esta an\u00e1lise \u00e9 fundamental para evitar sobrecarga financeira e garantir maior estabilidade no seu dia a dia.<span style=\"letter-spacing: 0.4px\"><\/span><\/p><\/h2>\t\t\t\t<\/div>\n\t\t<div class=\"elementor-element elementor-element-a874840 e-con-full e-flex wpr-particle-no wpr-jarallax-no wpr-parallax-no wpr-sticky-section-no e-con e-child\" data-id=\"a874840\" data-element_type=\"container\" data-settings=\"{&quot;background_background&quot;:&quot;classic&quot;}\">\n\t\t<div class=\"elementor-element elementor-element-09bc0b7 e-con-full e-flex wpr-particle-no wpr-jarallax-no wpr-parallax-no wpr-sticky-section-no e-con e-child\" data-id=\"09bc0b7\" data-element_type=\"container\">\n\t\t\t\t<div class=\"elementor-element elementor-element-37d9093 elementor-widget__width-initial elementor-widget elementor-widget-heading\" data-id=\"37d9093\" data-element_type=\"widget\" data-widget_type=\"heading.default\">\n\t\t\t\t\t<h2 class=\"elementor-heading-title elementor-size-default\">Como Funciona o C\u00e1lculo da Taxa de Esfor\u00e7o<\/h2>\t\t\t\t<\/div>\n\t\t\t\t<div class=\"elementor-element elementor-element-2fb9ded elementor-widget__width-initial elementor-widget elementor-widget-heading\" data-id=\"2fb9ded\" data-element_type=\"widget\" data-widget_type=\"heading.default\">\n\t\t\t\t\t<h2 class=\"elementor-heading-title elementor-size-default\"><p data-start=\"648\" data-end=\"1094\">Ao introduzir os seus rendimentos mensais e o valor das suas despesas fixas, como presta\u00e7\u00f5es de cr\u00e9dito, rendas ou outros encargos, o simulador calcula automaticamente a sua taxa de esfor\u00e7o. Este indicador representa a percentagem do rendimento que est\u00e1 comprometida com despesas regulares. Desta forma, consegue perceber rapidamente se est\u00e1 dentro de um n\u00edvel considerado saud\u00e1vel ou se poder\u00e1 estar a assumir mais encargos do que o recomendado.<span style=\"letter-spacing: 0.4px\"><\/span><\/p><\/h2>\t\t\t\t<\/div>\n\t\t\t\t<\/div>\n\t\t\t\t<div class=\"elementor-element elementor-element-6e89e99 elementor-widget-mobile__width-initial elementor-widget elementor-widget-image\" data-id=\"6e89e99\" data-element_type=\"widget\" data-widget_type=\"image.default\">\n\t\t\t\t\t\t\t\t\t\t\t\t\t\t\t<img fetchpriority=\"high\" decoding=\"async\" width=\"800\" height=\"534\" src=\"https:\/\/professorpoupanca.pt\/wp-content\/uploads\/2026\/04\/ChatGPT-Image-21_04_2026-16_32_08-1024x683.png\" class=\"attachment-large size-large wp-image-1166\" alt=\"\" srcset=\"https:\/\/professorpoupanca.pt\/wp-content\/uploads\/2026\/04\/ChatGPT-Image-21_04_2026-16_32_08-1024x683.png 1024w, https:\/\/professorpoupanca.pt\/wp-content\/uploads\/2026\/04\/ChatGPT-Image-21_04_2026-16_32_08-300x200.png 300w, https:\/\/professorpoupanca.pt\/wp-content\/uploads\/2026\/04\/ChatGPT-Image-21_04_2026-16_32_08-768x512.png 768w, https:\/\/professorpoupanca.pt\/wp-content\/uploads\/2026\/04\/ChatGPT-Image-21_04_2026-16_32_08.png 1536w\" sizes=\"(max-width: 800px) 100vw, 800px\" \/>\t\t\t\t\t\t\t\t\t\t\t\t\t\t\t<\/div>\n\t\t\t\t<\/div>\n\t\t<div class=\"elementor-element elementor-element-ce8888d e-con-full e-flex wpr-particle-no wpr-jarallax-no wpr-parallax-no wpr-sticky-section-no e-con e-child\" data-id=\"ce8888d\" data-element_type=\"container\" data-settings=\"{&quot;background_background&quot;:&quot;classic&quot;}\">\n\t\t<div class=\"elementor-element elementor-element-2be9f42 e-con-full e-flex wpr-particle-no wpr-jarallax-no wpr-parallax-no wpr-sticky-section-no e-con e-child\" data-id=\"2be9f42\" data-element_type=\"container\">\n\t\t\t\t<div class=\"elementor-element elementor-element-615a580 elementor-widget__width-initial elementor-widget elementor-widget-heading\" data-id=\"615a580\" data-element_type=\"widget\" data-widget_type=\"heading.default\">\n\t\t\t\t\t<h2 class=\"elementor-heading-title elementor-size-default\">Resultados da Simula\u00e7\u00e3o S\u00e3o Indicativos<\/h2>\t\t\t\t<\/div>\n\t\t\t\t<div class=\"elementor-element elementor-element-588a343 elementor-widget__width-initial elementor-widget elementor-widget-heading\" data-id=\"588a343\" data-element_type=\"widget\" data-widget_type=\"heading.default\">\n\t\t\t\t\t<h2 class=\"elementor-heading-title elementor-size-default\"><p data-start=\"1146\" data-end=\"1501\">Os valores apresentados pelo simulador de taxa de esfor\u00e7o s\u00e3o apenas estimativas e podem variar consoante a an\u00e1lise de cada institui\u00e7\u00e3o financeira, bem como outros fatores considerados no momento da avalia\u00e7\u00e3o de cr\u00e9dito. Ainda assim, esta ferramenta oferece uma refer\u00eancia \u00fatil para avaliar a sua capacidade financeira antes de assumir novos compromissos.<span style=\"letter-spacing: 0.4px\"><\/span><\/p><\/h2>\t\t\t\t<\/div>\n\t\t\t\t<\/div>\n\t\t\t\t<div class=\"elementor-element elementor-element-b8a8618 elementor-widget-mobile__width-initial elementor-widget elementor-widget-image\" data-id=\"b8a8618\" data-element_type=\"widget\" data-widget_type=\"image.default\">\n\t\t\t\t\t\t\t\t\t\t\t\t\t\t\t<img decoding=\"async\" width=\"800\" height=\"466\" src=\"https:\/\/professorpoupanca.pt\/wp-content\/uploads\/2026\/03\/ChatGPT-Image-2_03_2026-06_45_49-e1772434011318-1024x597.png\" class=\"attachment-large size-large wp-image-826\" alt=\"\" srcset=\"https:\/\/professorpoupanca.pt\/wp-content\/uploads\/2026\/03\/ChatGPT-Image-2_03_2026-06_45_49-e1772434011318-1024x597.png 1024w, https:\/\/professorpoupanca.pt\/wp-content\/uploads\/2026\/03\/ChatGPT-Image-2_03_2026-06_45_49-e1772434011318-300x175.png 300w, https:\/\/professorpoupanca.pt\/wp-content\/uploads\/2026\/03\/ChatGPT-Image-2_03_2026-06_45_49-e1772434011318-768x448.png 768w, https:\/\/professorpoupanca.pt\/wp-content\/uploads\/2026\/03\/ChatGPT-Image-2_03_2026-06_45_49-e1772434011318.png 1536w\" sizes=\"(max-width: 800px) 100vw, 800px\" \/>\t\t\t\t\t\t\t\t\t\t\t\t\t\t\t<\/div>\n\t\t\t\t<\/div>\n\t\t\t\t\t<\/div>\n\t\t\t\t<\/div>\n\t\t\t\t<\/div>\n\t\t","protected":false},"excerpt":{"rendered":"<p>Taxa de Esfor\u00e7o Fa\u00e7a a sua Simula\u00e7\u00e3o Taxa de Esfor\u00e7o: Calcule o Peso das Suas Despesas Fa\u00e7a a sua Simula\u00e7\u00e3o O simulador de taxa de esfor\u00e7o permite-lhe perceber qual \u00e9 a percentagem do seu rendimento mensal que est\u00e1 a ser utilizada para pagar cr\u00e9ditos e outras despesas fixas. Ao utilizar esta ferramenta, consegue avaliar se a sua situa\u00e7\u00e3o financeira est\u00e1 equilibrada e dentro dos limites recomendados, especialmente no caso de cr\u00e9dito habita\u00e7\u00e3o. Esta an\u00e1lise \u00e9 fundamental para evitar sobrecarga financeira e garantir maior estabilidade no seu dia a dia. Como Funciona o C\u00e1lculo da Taxa de Esfor\u00e7o Ao introduzir os seus rendimentos mensais e o valor das suas despesas fixas, como presta\u00e7\u00f5es de cr\u00e9dito, rendas ou outros encargos, o simulador calcula automaticamente a sua taxa de esfor\u00e7o. Este indicador representa a percentagem do rendimento que est\u00e1 comprometida com despesas regulares. Desta forma, consegue perceber rapidamente se est\u00e1 dentro de um n\u00edvel considerado saud\u00e1vel ou se poder\u00e1 estar a assumir mais encargos do que o recomendado. Resultados da Simula\u00e7\u00e3o S\u00e3o Indicativos Os valores apresentados pelo simulador de taxa de esfor\u00e7o s\u00e3o apenas estimativas e podem variar consoante a an\u00e1lise de cada institui\u00e7\u00e3o financeira, bem como outros fatores considerados no momento da avalia\u00e7\u00e3o de cr\u00e9dito. Ainda assim, esta ferramenta oferece uma refer\u00eancia \u00fatil para avaliar a sua capacidade financeira antes de assumir novos compromissos.<\/p>\n","protected":false},"author":1,"featured_media":0,"parent":0,"menu_order":0,"comment_status":"closed","ping_status":"closed","template":"elementor_header_footer","meta":{"footnotes":""},"class_list":["post-1196","page","type-page","status-publish","hentry"],"_links":{"self":[{"href":"https:\/\/professorpoupanca.pt\/index.php\/wp-json\/wp\/v2\/pages\/1196","targetHints":{"allow":["GET"]}}],"collection":[{"href":"https:\/\/professorpoupanca.pt\/index.php\/wp-json\/wp\/v2\/pages"}],"about":[{"href":"https:\/\/professorpoupanca.pt\/index.php\/wp-json\/wp\/v2\/types\/page"}],"author":[{"embeddable":true,"href":"https:\/\/professorpoupanca.pt\/index.php\/wp-json\/wp\/v2\/users\/1"}],"replies":[{"embeddable":true,"href":"https:\/\/professorpoupanca.pt\/index.php\/wp-json\/wp\/v2\/comments?post=1196"}],"version-history":[{"count":13,"href":"https:\/\/professorpoupanca.pt\/index.php\/wp-json\/wp\/v2\/pages\/1196\/revisions"}],"predecessor-version":[{"id":1350,"href":"https:\/\/professorpoupanca.pt\/index.php\/wp-json\/wp\/v2\/pages\/1196\/revisions\/1350"}],"wp:attachment":[{"href":"https:\/\/professorpoupanca.pt\/index.php\/wp-json\/wp\/v2\/media?parent=1196"}],"curies":[{"name":"wp","href":"https:\/\/api.w.org\/{rel}","templated":true}]}}