{"id":1198,"date":"2026-04-28T15:29:41","date_gmt":"2026-04-28T15:29:41","guid":{"rendered":"https:\/\/professorpoupanca.pt\/?page_id=1198"},"modified":"2026-04-28T17:12:01","modified_gmt":"2026-04-28T17:12:01","slug":"simulador-avaliacao-imobiliaria","status":"publish","type":"page","link":"https:\/\/professorpoupanca.pt\/index.php\/simulador-avaliacao-imobiliaria\/","title":{"rendered":"Simulador Avalia\u00e7\u00e3o Imobili\u00e1ria"},"content":{"rendered":"\t\t<div data-elementor-type=\"wp-page\" data-elementor-id=\"1198\" class=\"elementor elementor-1198\">\n\t\t\t\t<div class=\"elementor-element elementor-element-c2b9bfa e-flex e-con-boxed wpr-particle-no wpr-jarallax-no wpr-parallax-no wpr-sticky-section-no e-con e-parent\" data-id=\"c2b9bfa\" data-element_type=\"container\">\n\t\t\t\t\t<div class=\"e-con-inner\">\n\t\t\t\t<div class=\"elementor-element elementor-element-17ef1f4 elementor-widget elementor-widget-spacer\" data-id=\"17ef1f4\" data-element_type=\"widget\" data-widget_type=\"spacer.default\">\n\t\t\t\t\t\t\t<div class=\"elementor-spacer\">\n\t\t\t<div class=\"elementor-spacer-inner\"><\/div>\n\t\t<\/div>\n\t\t\t\t\t\t<\/div>\n\t\t\t\t<div class=\"elementor-element elementor-element-e345c6a elementor-widget__width-initial elementor-widget elementor-widget-heading\" data-id=\"e345c6a\" data-element_type=\"widget\" data-widget_type=\"heading.default\">\n\t\t\t\t\t<h2 class=\"elementor-heading-title elementor-size-default\">Avalia\u00e7\u00e3o Imobili\u00e1ria\n<\/h2>\t\t\t\t<\/div>\n\t\t\t\t<div class=\"elementor-element elementor-element-2fb3418 elementor-widget elementor-widget-heading\" data-id=\"2fb3418\" data-element_type=\"widget\" data-widget_type=\"heading.default\">\n\t\t\t\t\t<h2 class=\"elementor-heading-title elementor-size-default\">Fa\u00e7a a sua Simula\u00e7\u00e3o<\/h2>\t\t\t\t<\/div>\n\t\t\t\t<div class=\"elementor-element elementor-element-90fdbc1 elementor-widget elementor-widget-html\" data-id=\"90fdbc1\" data-element_type=\"widget\" data-widget_type=\"html.default\">\n\t\t\t\t\t<iframe\r\n    id=\"simulasite-bank-valuation\"\r\n    src=\"https:\/\/www.simulasite.pt\/embed\/bank-valuation?id=3d178eb4-79f4-463c-a8ed-674e43c54aff&displayMode=iframe\"\r\n    width=\"100%\"\r\n    style=\"border:none; min-height:400px;\"\r\n    frameborder=\"0\"\r\n><\/iframe>\r\n<script>\r\nwindow.addEventListener('message',function(e){if(e.data&&e.data.type==='simulasite-resize'){var f=document.getElementById('simulasite-'+e.data.simulatorId);if(f)f.style.height=e.data.height+'px';}});\r\n<\/script>\t\t\t\t<\/div>\n\t\t\t\t<div class=\"elementor-element elementor-element-d02328a elementor-widget elementor-widget-html\" data-id=\"d02328a\" data-element_type=\"widget\" data-widget_type=\"html.default\">\n\t\t\t\t\t<script \r\n  src=\"https:\/\/widgets.leadconnectorhq.com\/loader.js\"  \r\n  data-resources-url=\"https:\/\/widgets.leadconnectorhq.com\/chat-widget\/loader.js\" \r\n data-widget-id=\"6890b385d77734656d0c639c\"   > \r\n <\/script>\t\t\t\t<\/div>\n\t\t\t\t<div class=\"elementor-element elementor-element-30f4f09 elementor-widget__width-initial elementor-widget elementor-widget-heading\" data-id=\"30f4f09\" data-element_type=\"widget\" data-widget_type=\"heading.default\">\n\t\t\t\t\t<h2 class=\"elementor-heading-title elementor-size-default\">Avalia\u00e7\u00e3o Imobili\u00e1ria: Descubra o Valor do Seu Im\u00f3vel<\/h2>\t\t\t\t<\/div>\n\t\t\t\t<div class=\"elementor-element elementor-element-fc522e1 elementor-widget elementor-widget-heading\" data-id=\"fc522e1\" data-element_type=\"widget\" data-widget_type=\"heading.default\">\n\t\t\t\t\t<h2 class=\"elementor-heading-title elementor-size-default\">Fa\u00e7a a sua Simula\u00e7\u00e3o<\/h2>\t\t\t\t<\/div>\n\t\t\t\t<div class=\"elementor-element elementor-element-563e3ac elementor-widget__width-initial elementor-widget elementor-widget-heading\" data-id=\"563e3ac\" data-element_type=\"widget\" data-widget_type=\"heading.default\">\n\t\t\t\t\t<h2 class=\"elementor-heading-title elementor-size-default\"><p data-start=\"125\" data-end=\"561\">O simulador de avalia\u00e7\u00e3o imobili\u00e1ria permite-lhe obter uma estimativa do valor do seu im\u00f3vel com base em diferentes fatores, como localiza\u00e7\u00e3o, tipologia, \u00e1rea e estado de conserva\u00e7\u00e3o. Ao utilizar esta ferramenta, consegue perceber qual poder\u00e1 ser o pre\u00e7o de mercado da sua casa, seja para venda, compra ou an\u00e1lise de investimento. Esta estimativa ajuda-o a tomar decis\u00f5es mais informadas e a posicionar corretamente o im\u00f3vel no mercado.<span style=\"letter-spacing: 0.4px\"><\/span><\/p><\/h2>\t\t\t\t<\/div>\n\t\t<div class=\"elementor-element elementor-element-a874840 e-con-full e-flex wpr-particle-no wpr-jarallax-no wpr-parallax-no wpr-sticky-section-no e-con e-child\" data-id=\"a874840\" data-element_type=\"container\" data-settings=\"{&quot;background_background&quot;:&quot;classic&quot;}\">\n\t\t<div class=\"elementor-element elementor-element-09bc0b7 e-con-full e-flex wpr-particle-no wpr-jarallax-no wpr-parallax-no wpr-sticky-section-no e-con e-child\" data-id=\"09bc0b7\" data-element_type=\"container\">\n\t\t\t\t<div class=\"elementor-element elementor-element-37d9093 elementor-widget__width-initial elementor-widget elementor-widget-heading\" data-id=\"37d9093\" data-element_type=\"widget\" data-widget_type=\"heading.default\">\n\t\t\t\t\t<h2 class=\"elementor-heading-title elementor-size-default\">Como Funciona a Avalia\u00e7\u00e3o Imobili\u00e1ria<\/h2>\t\t\t\t<\/div>\n\t\t\t\t<div class=\"elementor-element elementor-element-2fb9ded elementor-widget__width-initial elementor-widget elementor-widget-heading\" data-id=\"2fb9ded\" data-element_type=\"widget\" data-widget_type=\"heading.default\">\n\t\t\t\t\t<h2 class=\"elementor-heading-title elementor-size-default\"><p data-start=\"613\" data-end=\"1037\">Ao introduzir os dados no simulador, como a localiza\u00e7\u00e3o do im\u00f3vel, \u00e1rea, n\u00famero de divis\u00f5es e outras caracter\u00edsticas relevantes, \u00e9 poss\u00edvel calcular uma estimativa do valor com base em dados de mercado. Esta an\u00e1lise permite-lhe ter uma no\u00e7\u00e3o mais clara do pre\u00e7o praticado na sua zona e perceber como diferentes fatores podem influenciar a valoriza\u00e7\u00e3o do im\u00f3vel. Desta forma, consegue preparar melhor uma venda ou negocia\u00e7\u00e3o.<span style=\"letter-spacing: 0.4px\"><\/span><\/p><\/h2>\t\t\t\t<\/div>\n\t\t\t\t<\/div>\n\t\t\t\t<div class=\"elementor-element elementor-element-6e89e99 elementor-widget-mobile__width-initial elementor-widget elementor-widget-image\" data-id=\"6e89e99\" data-element_type=\"widget\" data-widget_type=\"image.default\">\n\t\t\t\t\t\t\t\t\t\t\t\t\t\t\t<img fetchpriority=\"high\" decoding=\"async\" width=\"800\" height=\"534\" src=\"https:\/\/professorpoupanca.pt\/wp-content\/uploads\/2026\/04\/ChatGPT-Image-21_04_2026-16_32_08-1024x683.png\" class=\"attachment-large size-large wp-image-1166\" alt=\"\" srcset=\"https:\/\/professorpoupanca.pt\/wp-content\/uploads\/2026\/04\/ChatGPT-Image-21_04_2026-16_32_08-1024x683.png 1024w, https:\/\/professorpoupanca.pt\/wp-content\/uploads\/2026\/04\/ChatGPT-Image-21_04_2026-16_32_08-300x200.png 300w, https:\/\/professorpoupanca.pt\/wp-content\/uploads\/2026\/04\/ChatGPT-Image-21_04_2026-16_32_08-768x512.png 768w, https:\/\/professorpoupanca.pt\/wp-content\/uploads\/2026\/04\/ChatGPT-Image-21_04_2026-16_32_08.png 1536w\" sizes=\"(max-width: 800px) 100vw, 800px\" \/>\t\t\t\t\t\t\t\t\t\t\t\t\t\t\t<\/div>\n\t\t\t\t<\/div>\n\t\t<div class=\"elementor-element elementor-element-ce8888d e-con-full e-flex wpr-particle-no wpr-jarallax-no wpr-parallax-no wpr-sticky-section-no e-con e-child\" data-id=\"ce8888d\" data-element_type=\"container\" data-settings=\"{&quot;background_background&quot;:&quot;classic&quot;}\">\n\t\t<div class=\"elementor-element elementor-element-2be9f42 e-con-full e-flex wpr-particle-no wpr-jarallax-no wpr-parallax-no wpr-sticky-section-no e-con e-child\" data-id=\"2be9f42\" data-element_type=\"container\">\n\t\t\t\t<div class=\"elementor-element elementor-element-615a580 elementor-widget__width-initial elementor-widget elementor-widget-heading\" data-id=\"615a580\" data-element_type=\"widget\" data-widget_type=\"heading.default\">\n\t\t\t\t\t<h2 class=\"elementor-heading-title elementor-size-default\">Resultados da Avalia\u00e7\u00e3o S\u00e3o Indicativos<\/h2>\t\t\t\t<\/div>\n\t\t\t\t<div class=\"elementor-element elementor-element-588a343 elementor-widget__width-initial elementor-widget elementor-widget-heading\" data-id=\"588a343\" data-element_type=\"widget\" data-widget_type=\"heading.default\">\n\t\t\t\t\t<h2 class=\"elementor-heading-title elementor-size-default\"><p data-start=\"1091\" data-end=\"1436\">Os valores apresentados pelo simulador de avalia\u00e7\u00e3o imobili\u00e1ria s\u00e3o apenas estimativas e podem variar consoante fatores como a procura na zona, caracter\u00edsticas espec\u00edficas do im\u00f3vel e condi\u00e7\u00f5es do mercado no momento. Para obter uma avalia\u00e7\u00e3o mais precisa e detalhada, poder\u00e1 ser necess\u00e1rio recorrer a um especialista ou a uma an\u00e1lise presencial.<span style=\"letter-spacing: 0.4px\"><\/span><\/p><\/h2>\t\t\t\t<\/div>\n\t\t\t\t<\/div>\n\t\t\t\t<div class=\"elementor-element elementor-element-b8a8618 elementor-widget-mobile__width-initial elementor-widget elementor-widget-image\" data-id=\"b8a8618\" data-element_type=\"widget\" data-widget_type=\"image.default\">\n\t\t\t\t\t\t\t\t\t\t\t\t\t\t\t<img decoding=\"async\" width=\"800\" height=\"466\" src=\"https:\/\/professorpoupanca.pt\/wp-content\/uploads\/2026\/03\/ChatGPT-Image-2_03_2026-06_45_49-e1772434011318-1024x597.png\" class=\"attachment-large size-large wp-image-826\" alt=\"\" srcset=\"https:\/\/professorpoupanca.pt\/wp-content\/uploads\/2026\/03\/ChatGPT-Image-2_03_2026-06_45_49-e1772434011318-1024x597.png 1024w, https:\/\/professorpoupanca.pt\/wp-content\/uploads\/2026\/03\/ChatGPT-Image-2_03_2026-06_45_49-e1772434011318-300x175.png 300w, https:\/\/professorpoupanca.pt\/wp-content\/uploads\/2026\/03\/ChatGPT-Image-2_03_2026-06_45_49-e1772434011318-768x448.png 768w, https:\/\/professorpoupanca.pt\/wp-content\/uploads\/2026\/03\/ChatGPT-Image-2_03_2026-06_45_49-e1772434011318.png 1536w\" sizes=\"(max-width: 800px) 100vw, 800px\" \/>\t\t\t\t\t\t\t\t\t\t\t\t\t\t\t<\/div>\n\t\t\t\t<\/div>\n\t\t\t\t\t<\/div>\n\t\t\t\t<\/div>\n\t\t\t\t<\/div>\n\t\t","protected":false},"excerpt":{"rendered":"<p>Avalia\u00e7\u00e3o Imobili\u00e1ria Fa\u00e7a a sua Simula\u00e7\u00e3o Avalia\u00e7\u00e3o Imobili\u00e1ria: Descubra o Valor do Seu Im\u00f3vel Fa\u00e7a a sua Simula\u00e7\u00e3o O simulador de avalia\u00e7\u00e3o imobili\u00e1ria permite-lhe obter uma estimativa do valor do seu im\u00f3vel com base em diferentes fatores, como localiza\u00e7\u00e3o, tipologia, \u00e1rea e estado de conserva\u00e7\u00e3o. Ao utilizar esta ferramenta, consegue perceber qual poder\u00e1 ser o pre\u00e7o de mercado da sua casa, seja para venda, compra ou an\u00e1lise de investimento. Esta estimativa ajuda-o a tomar decis\u00f5es mais informadas e a posicionar corretamente o im\u00f3vel no mercado. Como Funciona a Avalia\u00e7\u00e3o Imobili\u00e1ria Ao introduzir os dados no simulador, como a localiza\u00e7\u00e3o do im\u00f3vel, \u00e1rea, n\u00famero de divis\u00f5es e outras caracter\u00edsticas relevantes, \u00e9 poss\u00edvel calcular uma estimativa do valor com base em dados de mercado. Esta an\u00e1lise permite-lhe ter uma no\u00e7\u00e3o mais clara do pre\u00e7o praticado na sua zona e perceber como diferentes fatores podem influenciar a valoriza\u00e7\u00e3o do im\u00f3vel. Desta forma, consegue preparar melhor uma venda ou negocia\u00e7\u00e3o. Resultados da Avalia\u00e7\u00e3o S\u00e3o Indicativos Os valores apresentados pelo simulador de avalia\u00e7\u00e3o imobili\u00e1ria s\u00e3o apenas estimativas e podem variar consoante fatores como a procura na zona, caracter\u00edsticas espec\u00edficas do im\u00f3vel e condi\u00e7\u00f5es do mercado no momento. Para obter uma avalia\u00e7\u00e3o mais precisa e detalhada, poder\u00e1 ser necess\u00e1rio recorrer a um especialista ou a uma an\u00e1lise presencial.<\/p>\n","protected":false},"author":1,"featured_media":0,"parent":0,"menu_order":0,"comment_status":"closed","ping_status":"closed","template":"elementor_header_footer","meta":{"footnotes":""},"class_list":["post-1198","page","type-page","status-publish","hentry"],"_links":{"self":[{"href":"https:\/\/professorpoupanca.pt\/index.php\/wp-json\/wp\/v2\/pages\/1198","targetHints":{"allow":["GET"]}}],"collection":[{"href":"https:\/\/professorpoupanca.pt\/index.php\/wp-json\/wp\/v2\/pages"}],"about":[{"href":"https:\/\/professorpoupanca.pt\/index.php\/wp-json\/wp\/v2\/types\/page"}],"author":[{"embeddable":true,"href":"https:\/\/professorpoupanca.pt\/index.php\/wp-json\/wp\/v2\/users\/1"}],"replies":[{"embeddable":true,"href":"https:\/\/professorpoupanca.pt\/index.php\/wp-json\/wp\/v2\/comments?post=1198"}],"version-history":[{"count":10,"href":"https:\/\/professorpoupanca.pt\/index.php\/wp-json\/wp\/v2\/pages\/1198\/revisions"}],"predecessor-version":[{"id":1315,"href":"https:\/\/professorpoupanca.pt\/index.php\/wp-json\/wp\/v2\/pages\/1198\/revisions\/1315"}],"wp:attachment":[{"href":"https:\/\/professorpoupanca.pt\/index.php\/wp-json\/wp\/v2\/media?parent=1198"}],"curies":[{"name":"wp","href":"https:\/\/api.w.org\/{rel}","templated":true}]}}