{"id":1263,"date":"2026-04-28T17:25:41","date_gmt":"2026-04-28T17:25:41","guid":{"rendered":"https:\/\/professorpoupanca.pt\/?page_id=1263"},"modified":"2026-04-28T17:33:19","modified_gmt":"2026-04-28T17:33:19","slug":"servicos","status":"publish","type":"page","link":"https:\/\/professorpoupanca.pt\/index.php\/servicos\/","title":{"rendered":"Servi\u00e7os"},"content":{"rendered":"\t\t<div data-elementor-type=\"wp-post\" data-elementor-id=\"1263\" class=\"elementor elementor-1263\">\n\t\t\t\t<div class=\"elementor-element elementor-element-67359c5 e-flex e-con-boxed wpr-particle-no wpr-jarallax-no wpr-parallax-no wpr-sticky-section-no e-con e-parent\" data-id=\"67359c5\" data-element_type=\"container\" data-settings=\"{&quot;background_background&quot;:&quot;classic&quot;}\">\n\t\t\t\t\t<div class=\"e-con-inner\">\n\t\t\t\t<div class=\"elementor-element elementor-element-5ed579a elementor-widget elementor-widget-heading\" data-id=\"5ed579a\" data-element_type=\"widget\" data-widget_type=\"heading.default\">\n\t\t\t\t\t<h2 class=\"elementor-heading-title elementor-size-default\">Intermedia\u00e7\u00e3o de cr\u00e9dito<\/h2>\t\t\t\t<\/div>\n\t\t\t\t<div class=\"elementor-element elementor-element-c716b75 elementor-widget__width-initial elementor-widget elementor-widget-heading\" data-id=\"c716b75\" data-element_type=\"widget\" data-widget_type=\"heading.default\">\n\t\t\t\t\t<h2 class=\"elementor-heading-title elementor-size-default\"><p data-start=\"563\" data-end=\"691\">Encontrar o cr\u00e9dito certo n\u00e3o tem de ser complicado \u2014 n\u00f3s ajudamos em todo o processo.<\/p>\n<p data-start=\"693\" data-end=\"823\"><\/p><\/h2>\t\t\t\t<\/div>\n\t\t\t\t<div class=\"elementor-element elementor-element-06077cc elementor-widget elementor-widget-html\" data-id=\"06077cc\" data-element_type=\"widget\" data-widget_type=\"html.default\">\n\t\t\t\t\t<script \r\n  src=\"https:\/\/widgets.leadconnectorhq.com\/loader.js\"  \r\n  data-resources-url=\"https:\/\/widgets.leadconnectorhq.com\/chat-widget\/loader.js\" \r\n data-widget-id=\"6890b385d77734656d0c639c\"   > \r\n <\/script>\t\t\t\t<\/div>\n\t\t\t\t<div class=\"elementor-element elementor-element-f8ff127 elementor-widget elementor-widget-heading\" data-id=\"f8ff127\" data-element_type=\"widget\" data-widget_type=\"heading.default\">\n\t\t\t\t\t<h2 class=\"elementor-heading-title elementor-size-default\">S\u00e3o milhares as pessoas que se questionam sobre o que \u00e9 a Intermedia\u00e7\u00e3o de Cr\u00e9dito. Explicando de forma simples, trata-se de um acompanhamento prestado de forma gratuita, por profissionais certificados, que tem como principal objetivo ajud\u00e1-lo a encontrar o financiamento certo para si.\nRecorrendo a este apoio, a procura pelo cr\u00e9dito adequado \u00e0s suas necessidades fica facilitada. Isso acontece, pois, o Intermedi\u00e1rio ir\u00e1 fazer toda a pesquisa necess\u00e1ria para lhe apresentar as solu\u00e7\u00f5es mais vantajosas do mercado.\nJ\u00e1 n\u00e3o precisa de perder tempo com simula\u00e7\u00f5es e envio de documentos para v\u00e1rias entidades banc\u00e1rias.\nUma \u00fanica pessoa ir\u00e1 tratar de tudo por si, apresentando-lhe diferentes op\u00e7\u00f5es que se ajustem \u00e0 sua realidade.\n<\/h2>\t\t\t\t<\/div>\n\t\t\t\t<div class=\"elementor-element elementor-element-c10de86 elementor-align-center elementor-widget elementor-widget-button\" data-id=\"c10de86\" data-element_type=\"widget\" data-widget_type=\"button.default\">\n\t\t\t\t\t\t\t\t\t\t<a class=\"elementor-button elementor-button-link elementor-size-sm\" href=\"https:\/\/professorpoupanca.pt\/index.php\/intermediacao-de-credito\/\">\n\t\t\t\t\t\t<span class=\"elementor-button-content-wrapper\">\n\t\t\t\t\t\t\t\t\t<span class=\"elementor-button-text\">Ver mais<\/span>\n\t\t\t\t\t<\/span>\n\t\t\t\t\t<\/a>\n\t\t\t\t\t\t\t\t<\/div>\n\t\t\t\t<div class=\"elementor-element elementor-element-d5a3861 elementor-widget-divider--view-line elementor-widget elementor-widget-divider\" data-id=\"d5a3861\" data-element_type=\"widget\" data-widget_type=\"divider.default\">\n\t\t\t\t\t\t\t<div class=\"elementor-divider\">\n\t\t\t<span class=\"elementor-divider-separator\">\n\t\t\t\t\t\t<\/span>\n\t\t<\/div>\n\t\t\t\t\t\t<\/div>\n\t\t\t\t\t<\/div>\n\t\t\t\t<\/div>\n\t\t<div class=\"elementor-element elementor-element-bb6b80a e-flex e-con-boxed wpr-particle-no wpr-jarallax-no wpr-parallax-no wpr-sticky-section-no e-con e-parent\" data-id=\"bb6b80a\" data-element_type=\"container\" data-settings=\"{&quot;background_background&quot;:&quot;classic&quot;}\">\n\t\t\t\t\t<div class=\"e-con-inner\">\n\t\t\t\t<div class=\"elementor-element elementor-element-4664046 elementor-widget elementor-widget-heading\" data-id=\"4664046\" data-element_type=\"widget\" data-widget_type=\"heading.default\">\n\t\t\t\t\t<h2 class=\"elementor-heading-title elementor-size-default\">Media\u00e7\u00e3o de Seguros<\/h2>\t\t\t\t<\/div>\n\t\t\t\t<div class=\"elementor-element elementor-element-9b6e442 elementor-widget__width-initial elementor-widget elementor-widget-heading\" data-id=\"9b6e442\" data-element_type=\"widget\" data-widget_type=\"heading.default\">\n\t\t\t\t\t<h2 class=\"elementor-heading-title elementor-size-default\">Prote\u00e7\u00e3o, seguran\u00e7a e acompanhamento especializado para escolher o seguro mais adequado \u00e0 sua realidade.\n<\/h2>\t\t\t\t<\/div>\n\t\t\t\t<div class=\"elementor-element elementor-element-c57ea12 elementor-widget elementor-widget-html\" data-id=\"c57ea12\" data-element_type=\"widget\" data-widget_type=\"html.default\">\n\t\t\t\t\t<script \r\n  src=\"https:\/\/widgets.leadconnectorhq.com\/loader.js\"  \r\n  data-resources-url=\"https:\/\/widgets.leadconnectorhq.com\/chat-widget\/loader.js\" \r\n data-widget-id=\"6890b385d77734656d0c639c\"   > \r\n <\/script>\t\t\t\t<\/div>\n\t\t\t\t<div class=\"elementor-element elementor-element-b5203ef elementor-widget elementor-widget-heading\" data-id=\"b5203ef\" data-element_type=\"widget\" data-widget_type=\"heading.default\">\n\t\t\t\t\t<h2 class=\"elementor-heading-title elementor-size-default\">S\u00f3 percebemos a import\u00e2ncia de um bom seguro, quando a nossa vida d\u00e1 uma reviravolta. E, nesse momento, \u00e9 essencial estar protegido com as ap\u00f3lices mais adequadas \u00e0 sua realidade. Contar com o apoio de um Mediador de Seguros, \u00e9 saber que, caso algo n\u00e3o corra como planeado, est\u00e1 protegido e tem algu\u00e9m do seu lado pronto para ajudar. Al\u00e9m disso, este ajuda-o a encontrar as op\u00e7\u00f5es adequadas \u00e0 sua vida pessoal e aos seus neg\u00f3cios.\nRecorrendo a este apoio, a procura pelo cr\u00e9dito adequado \u00e0s suas necessidades fica facilitada. Isso acontece, pois, o Intermedi\u00e1rio ir\u00e1 fazer toda a pesquisa necess\u00e1ria para lhe apresentar as solu\u00e7\u00f5es mais vantajosas do mercado.\nJ\u00e1 n\u00e3o precisa de perder tempo com simula\u00e7\u00f5es e envio de documentos para v\u00e1rias entidades banc\u00e1rias.\nUma \u00fanica pessoa ir\u00e1 tratar de tudo por si, apresentando-lhe diferentes op\u00e7\u00f5es que se ajustem \u00e0 sua realidade.\n<\/h2>\t\t\t\t<\/div>\n\t\t\t\t<div class=\"elementor-element elementor-element-35440a7 elementor-align-center elementor-widget elementor-widget-button\" data-id=\"35440a7\" data-element_type=\"widget\" data-widget_type=\"button.default\">\n\t\t\t\t\t\t\t\t\t\t<a class=\"elementor-button elementor-button-link elementor-size-sm\" href=\"https:\/\/professorpoupanca.pt\/index.php\/mediacao-de-seguros\/\">\n\t\t\t\t\t\t<span class=\"elementor-button-content-wrapper\">\n\t\t\t\t\t\t\t\t\t<span class=\"elementor-button-text\">Ver mais<\/span>\n\t\t\t\t\t<\/span>\n\t\t\t\t\t<\/a>\n\t\t\t\t\t\t\t\t<\/div>\n\t\t\t\t<div class=\"elementor-element elementor-element-8a56bed elementor-widget-divider--view-line elementor-widget elementor-widget-divider\" data-id=\"8a56bed\" data-element_type=\"widget\" data-widget_type=\"divider.default\">\n\t\t\t\t\t\t\t<div class=\"elementor-divider\">\n\t\t\t<span class=\"elementor-divider-separator\">\n\t\t\t\t\t\t<\/span>\n\t\t<\/div>\n\t\t\t\t\t\t<\/div>\n\t\t\t\t\t<\/div>\n\t\t\t\t<\/div>\n\t\t<div class=\"elementor-element elementor-element-a2053d6 e-flex e-con-boxed wpr-particle-no wpr-jarallax-no wpr-parallax-no wpr-sticky-section-no e-con e-parent\" data-id=\"a2053d6\" data-element_type=\"container\">\n\t\t\t\t\t<div class=\"e-con-inner\">\n\t\t\t\t<div class=\"elementor-element elementor-element-c657222 elementor-widget elementor-widget-spacer\" data-id=\"c657222\" data-element_type=\"widget\" data-widget_type=\"spacer.default\">\n\t\t\t\t\t\t\t<div class=\"elementor-spacer\">\n\t\t\t<div class=\"elementor-spacer-inner\"><\/div>\n\t\t<\/div>\n\t\t\t\t\t\t<\/div>\n\t\t\t\t<div class=\"elementor-element elementor-element-e7c5c90 elementor-widget__width-initial elementor-widget elementor-widget-heading\" data-id=\"e7c5c90\" data-element_type=\"widget\" data-widget_type=\"heading.default\">\n\t\t\t\t\t<h2 class=\"elementor-heading-title elementor-size-default\">ESTAMOS AQUI PARA OUVIR, ESCLARECER E AJUDAR<\/h2>\t\t\t\t<\/div>\n\t\t\t\t<div class=\"elementor-element elementor-element-a53a1b0 elementor-widget elementor-widget-heading\" data-id=\"a53a1b0\" data-element_type=\"widget\" data-widget_type=\"heading.default\">\n\t\t\t\t\t<h2 class=\"elementor-heading-title elementor-size-default\">Fale com um especialista<\/h2>\t\t\t\t<\/div>\n\t\t<div class=\"elementor-element elementor-element-a57c06b e-con-full e-flex wpr-particle-no wpr-jarallax-no wpr-parallax-no wpr-sticky-section-no e-con e-child\" data-id=\"a57c06b\" data-element_type=\"container\" data-settings=\"{&quot;background_background&quot;:&quot;classic&quot;}\">\n\t\t<div class=\"elementor-element elementor-element-62c5634 e-con-full e-flex wpr-particle-no wpr-jarallax-no wpr-parallax-no wpr-sticky-section-no e-con e-child\" data-id=\"62c5634\" data-element_type=\"container\" data-settings=\"{&quot;background_background&quot;:&quot;classic&quot;}\">\n\t\t\t\t<div class=\"elementor-element elementor-element-3b3c64f elementor-widget elementor-widget-image\" data-id=\"3b3c64f\" data-element_type=\"widget\" data-widget_type=\"image.default\">\n\t\t\t\t\t\t\t\t\t\t\t\t\t\t\t<img fetchpriority=\"high\" decoding=\"async\" width=\"683\" height=\"1024\" src=\"https:\/\/professorpoupanca.pt\/wp-content\/uploads\/2026\/02\/ChatGPT-Image-2_02_2026-11_20_07-683x1024.png\" class=\"attachment-large size-large wp-image-550\" alt=\"\" srcset=\"https:\/\/professorpoupanca.pt\/wp-content\/uploads\/2026\/02\/ChatGPT-Image-2_02_2026-11_20_07-683x1024.png 683w, https:\/\/professorpoupanca.pt\/wp-content\/uploads\/2026\/02\/ChatGPT-Image-2_02_2026-11_20_07-200x300.png 200w, https:\/\/professorpoupanca.pt\/wp-content\/uploads\/2026\/02\/ChatGPT-Image-2_02_2026-11_20_07-768x1152.png 768w, https:\/\/professorpoupanca.pt\/wp-content\/uploads\/2026\/02\/ChatGPT-Image-2_02_2026-11_20_07.png 1024w\" sizes=\"(max-width: 683px) 100vw, 683px\" \/>\t\t\t\t\t\t\t\t\t\t\t\t\t\t\t<\/div>\n\t\t\t\t<\/div>\n\t\t\t\t<div class=\"elementor-element elementor-element-005a21c elementor-widget__width-initial elementor-widget elementor-widget-html\" data-id=\"005a21c\" data-element_type=\"widget\" data-widget_type=\"html.default\">\n\t\t\t\t\t<iframe\r\n    src=\"https:\/\/api.leadconnectorhq.com\/widget\/form\/UF06qVbREUfV5AwViWRX\"\r\n    style=\"width:100%;height:100%;border:none;border-radius:0px\"\r\n    id=\"inline-UF06qVbREUfV5AwViWRX\" \r\n    data-layout=\"{'id':'INLINE'}\"\r\n    data-trigger-type=\"alwaysShow\"\r\n    data-trigger-value=\"\"\r\n    data-activation-type=\"alwaysActivated\"\r\n    data-activation-value=\"\"\r\n    data-deactivation-type=\"neverDeactivate\"\r\n    data-deactivation-value=\"\"\r\n    data-form-name=\"Discover new Marketing Strategies - Copy\"\r\n    data-height=\"778\"\r\n    data-layout-iframe-id=\"inline-UF06qVbREUfV5AwViWRX\"\r\n    data-form-id=\"UF06qVbREUfV5AwViWRX\"\r\n    title=\"Discover new Marketing Strategies - Copy\"\r\n        >\r\n<\/iframe>\r\n<script src=\"https:\/\/link.msgsndr.com\/js\/form_embed.js\"><\/script>\t\t\t\t<\/div>\n\t\t\t\t<\/div>\n\t\t\t\t\t<\/div>\n\t\t\t\t<\/div>\n\t\t\t\t<\/div>\n\t\t","protected":false},"excerpt":{"rendered":"<p>Intermedia\u00e7\u00e3o de cr\u00e9dito Encontrar o cr\u00e9dito certo n\u00e3o tem de ser complicado \u2014 n\u00f3s ajudamos em todo o processo. S\u00e3o milhares as pessoas que se questionam sobre o que \u00e9 a Intermedia\u00e7\u00e3o de Cr\u00e9dito. Explicando de forma simples, trata-se de um acompanhamento prestado de forma gratuita, por profissionais certificados, que tem como principal objetivo ajud\u00e1-lo a encontrar o financiamento certo para si. Recorrendo a este apoio, a procura pelo cr\u00e9dito adequado \u00e0s suas necessidades fica facilitada. Isso acontece, pois, o Intermedi\u00e1rio ir\u00e1 fazer toda a pesquisa necess\u00e1ria para lhe apresentar as solu\u00e7\u00f5es mais vantajosas do mercado. J\u00e1 n\u00e3o precisa de perder tempo com simula\u00e7\u00f5es e envio de documentos para v\u00e1rias entidades banc\u00e1rias. Uma \u00fanica pessoa ir\u00e1 tratar de tudo por si, apresentando-lhe diferentes op\u00e7\u00f5es que se ajustem \u00e0 sua realidade. Ver mais Media\u00e7\u00e3o de Seguros Prote\u00e7\u00e3o, seguran\u00e7a e acompanhamento especializado para escolher o seguro mais adequado \u00e0 sua realidade. S\u00f3 percebemos a import\u00e2ncia de um bom seguro, quando a nossa vida d\u00e1 uma reviravolta. E, nesse momento, \u00e9 essencial estar protegido com as ap\u00f3lices mais adequadas \u00e0 sua realidade. Contar com o apoio de um Mediador de Seguros, \u00e9 saber que, caso algo n\u00e3o corra como planeado, est\u00e1 protegido e tem algu\u00e9m do seu lado pronto para ajudar. Al\u00e9m disso, este ajuda-o a encontrar as op\u00e7\u00f5es adequadas \u00e0 sua vida pessoal e aos seus neg\u00f3cios. Recorrendo a este apoio, a procura pelo cr\u00e9dito adequado \u00e0s suas necessidades fica facilitada. Isso acontece, pois, o Intermedi\u00e1rio ir\u00e1 fazer toda a pesquisa necess\u00e1ria para lhe apresentar as solu\u00e7\u00f5es mais vantajosas do mercado. J\u00e1 n\u00e3o precisa de perder tempo com simula\u00e7\u00f5es e envio de documentos para v\u00e1rias entidades banc\u00e1rias. Uma \u00fanica pessoa ir\u00e1 tratar de tudo por si, apresentando-lhe diferentes op\u00e7\u00f5es que se ajustem \u00e0 sua realidade. Ver mais ESTAMOS AQUI PARA OUVIR, ESCLARECER E AJUDAR Fale com um especialista<\/p>\n","protected":false},"author":1,"featured_media":0,"parent":0,"menu_order":0,"comment_status":"closed","ping_status":"closed","template":"elementor_header_footer","meta":{"footnotes":""},"class_list":["post-1263","page","type-page","status-publish","hentry"],"_links":{"self":[{"href":"https:\/\/professorpoupanca.pt\/index.php\/wp-json\/wp\/v2\/pages\/1263","targetHints":{"allow":["GET"]}}],"collection":[{"href":"https:\/\/professorpoupanca.pt\/index.php\/wp-json\/wp\/v2\/pages"}],"about":[{"href":"https:\/\/professorpoupanca.pt\/index.php\/wp-json\/wp\/v2\/types\/page"}],"author":[{"embeddable":true,"href":"https:\/\/professorpoupanca.pt\/index.php\/wp-json\/wp\/v2\/users\/1"}],"replies":[{"embeddable":true,"href":"https:\/\/professorpoupanca.pt\/index.php\/wp-json\/wp\/v2\/comments?post=1263"}],"version-history":[{"count":4,"href":"https:\/\/professorpoupanca.pt\/index.php\/wp-json\/wp\/v2\/pages\/1263\/revisions"}],"predecessor-version":[{"id":1353,"href":"https:\/\/professorpoupanca.pt\/index.php\/wp-json\/wp\/v2\/pages\/1263\/revisions\/1353"}],"wp:attachment":[{"href":"https:\/\/professorpoupanca.pt\/index.php\/wp-json\/wp\/v2\/media?parent=1263"}],"curies":[{"name":"wp","href":"https:\/\/api.w.org\/{rel}","templated":true}]}}