{"id":204,"date":"2026-01-15T18:19:55","date_gmt":"2026-01-15T18:19:55","guid":{"rendered":"https:\/\/professorpoupanca.pt\/?page_id=204"},"modified":"2026-04-28T17:18:37","modified_gmt":"2026-04-28T17:18:37","slug":"sobre-nos","status":"publish","type":"page","link":"https:\/\/professorpoupanca.pt\/index.php\/sobre-nos\/","title":{"rendered":"Sobre n\u00f3s"},"content":{"rendered":"\t\t<div data-elementor-type=\"wp-page\" data-elementor-id=\"204\" class=\"elementor elementor-204\">\n\t\t\t\t<div class=\"elementor-element elementor-element-e9139e9 e-flex e-con-boxed wpr-particle-no wpr-jarallax-no wpr-parallax-no wpr-sticky-section-no e-con e-parent\" data-id=\"e9139e9\" data-element_type=\"container\" data-settings=\"{&quot;background_background&quot;:&quot;classic&quot;}\">\n\t\t\t\t\t<div class=\"e-con-inner\">\n\t\t\t\t<div class=\"elementor-element elementor-element-020839c elementor-widget elementor-widget-heading\" data-id=\"020839c\" data-element_type=\"widget\" data-widget_type=\"heading.default\">\n\t\t\t\t\t<h2 class=\"elementor-heading-title elementor-size-default\">SOBRE N\u00d3S<\/h2>\t\t\t\t<\/div>\n\t\t\t\t<div class=\"elementor-element elementor-element-10039bf elementor-widget__width-initial elementor-widget elementor-widget-heading\" data-id=\"10039bf\" data-element_type=\"widget\" data-widget_type=\"heading.default\">\n\t\t\t\t\t<h2 class=\"elementor-heading-title elementor-size-default\">Acreditamos que compreender o dinheiro \u00e9 o primeiro passo para alcan\u00e7ar estabilidade, seguran\u00e7a e liberdade financeira.<\/h2>\t\t\t\t<\/div>\n\t\t\t\t<div class=\"elementor-element elementor-element-f58c5b9 elementor-widget elementor-widget-html\" data-id=\"f58c5b9\" data-element_type=\"widget\" data-widget_type=\"html.default\">\n\t\t\t\t\t<script \r\n  src=\"https:\/\/widgets.leadconnectorhq.com\/loader.js\"  \r\n  data-resources-url=\"https:\/\/widgets.leadconnectorhq.com\/chat-widget\/loader.js\" \r\n data-widget-id=\"6890b385d77734656d0c639c\"   > \r\n <\/script>\t\t\t\t<\/div>\n\t\t\t\t\t<\/div>\n\t\t\t\t<\/div>\n\t\t<div class=\"elementor-element elementor-element-ec33b7a e-flex e-con-boxed wpr-particle-no wpr-jarallax-no wpr-parallax-no wpr-sticky-section-no e-con e-parent\" data-id=\"ec33b7a\" data-element_type=\"container\" data-settings=\"{&quot;background_background&quot;:&quot;classic&quot;}\">\n\t\t\t\t\t<div class=\"e-con-inner\">\n\t\t<div class=\"elementor-element elementor-element-d541cc1 e-con-full e-flex wpr-particle-no wpr-jarallax-no wpr-parallax-no wpr-sticky-section-no e-con e-child\" data-id=\"d541cc1\" data-element_type=\"container\">\n\t\t\t\t<div class=\"elementor-element elementor-element-e26a5fb elementor-widget elementor-widget-heading\" data-id=\"e26a5fb\" data-element_type=\"widget\" data-widget_type=\"heading.default\">\n\t\t\t\t\t<h2 class=\"elementor-heading-title elementor-size-default\">Quem Somos<\/h2>\t\t\t\t<\/div>\n\t\t\t\t<div class=\"elementor-element elementor-element-132b344 elementor-widget__width-initial elementor-widget elementor-widget-text-editor\" data-id=\"132b344\" data-element_type=\"widget\" data-widget_type=\"text-editor.default\">\n\t\t\t\t\t\t\t\t\t<p>O <strong data-start=\"385\" data-end=\"407\">Professor Poupan\u00e7a<\/strong> nasceu com uma miss\u00e3o simples: <strong data-start=\"439\" data-end=\"504\">ajudar os portugueses a tomarem melhores decis\u00f5es financeiras<\/strong>.<br data-start=\"505\" data-end=\"508\" \/>Acreditamos que entender o dinheiro \u00e9 o primeiro passo para viver com mais estabilidade, seguran\u00e7a e liberdade.<\/p>\t\t\t\t\t\t\t\t<\/div>\n\t\t\t\t<\/div>\n\t\t\t\t<div class=\"elementor-element elementor-element-34ffa78 elementor-widget-mobile__width-initial elementor-widget elementor-widget-image\" data-id=\"34ffa78\" data-element_type=\"widget\" data-widget_type=\"image.default\">\n\t\t\t\t\t\t\t\t\t\t\t\t\t\t\t<img fetchpriority=\"high\" decoding=\"async\" width=\"800\" height=\"534\" src=\"https:\/\/professorpoupanca.pt\/wp-content\/uploads\/2026\/01\/Conversa-amigavel-no-escritorio-moderno-1024x683.png\" class=\"attachment-large size-large wp-image-212\" alt=\"\" srcset=\"https:\/\/professorpoupanca.pt\/wp-content\/uploads\/2026\/01\/Conversa-amigavel-no-escritorio-moderno-1024x683.png 1024w, https:\/\/professorpoupanca.pt\/wp-content\/uploads\/2026\/01\/Conversa-amigavel-no-escritorio-moderno-300x200.png 300w, https:\/\/professorpoupanca.pt\/wp-content\/uploads\/2026\/01\/Conversa-amigavel-no-escritorio-moderno-768x512.png 768w, https:\/\/professorpoupanca.pt\/wp-content\/uploads\/2026\/01\/Conversa-amigavel-no-escritorio-moderno.png 1536w\" sizes=\"(max-width: 800px) 100vw, 800px\" \/>\t\t\t\t\t\t\t\t\t\t\t\t\t\t\t<\/div>\n\t\t\t\t\t<\/div>\n\t\t\t\t<\/div>\n\t\t<div class=\"elementor-element elementor-element-9cae61a e-flex e-con-boxed wpr-particle-no wpr-jarallax-no wpr-parallax-no wpr-sticky-section-no e-con e-parent\" data-id=\"9cae61a\" data-element_type=\"container\" data-settings=\"{&quot;background_background&quot;:&quot;classic&quot;}\">\n\t\t\t\t\t<div class=\"e-con-inner\">\n\t\t<div class=\"elementor-element elementor-element-46addd2 e-con-full e-flex wpr-particle-no wpr-jarallax-no wpr-parallax-no wpr-sticky-section-no e-con e-child\" data-id=\"46addd2\" data-element_type=\"container\">\n\t\t\t\t<div class=\"elementor-element elementor-element-c6c6ea3 elementor-widget elementor-widget-heading\" data-id=\"c6c6ea3\" data-element_type=\"widget\" data-widget_type=\"heading.default\">\n\t\t\t\t\t<h2 class=\"elementor-heading-title elementor-size-default\">O Que Fazemos<\/h2>\t\t\t\t<\/div>\n\t\t\t\t<div class=\"elementor-element elementor-element-8c13581 elementor-widget elementor-widget-text-editor\" data-id=\"8c13581\" data-element_type=\"widget\" data-widget_type=\"text-editor.default\">\n\t\t\t\t\t\t\t\t\t<p data-start=\"301\" data-end=\"592\">Cri\u00e1mos um espa\u00e7o de <strong data-start=\"322\" data-end=\"365\">educa\u00e7\u00e3o financeira acess\u00edvel e pr\u00e1tica<\/strong>, onde partilhamos conhecimento sobre poupan\u00e7a, habita\u00e7\u00e3o, fam\u00edlia e sa\u00fade.<br data-start=\"440\" data-end=\"443\" \/>Falamos de dinheiro de forma simples, clara e pr\u00f3xima, para que qualquer pessoa consiga compreender melhor as suas escolhas financeiras no dia a dia.<\/p><p data-start=\"594\" data-end=\"820\">Mais do que informa\u00e7\u00e3o, promovemos <strong data-start=\"629\" data-end=\"656\">consci\u00eancia e autonomia<\/strong>. Ajudamos quem nos acompanha a refletir, a organizar-se e a ganhar confian\u00e7a para tomar decis\u00f5es informadas, alinhadas com os seus objetivos e com a sua realidade.<\/p><p data-start=\"822\" data-end=\"978\">N\u00e3o queremos apenas informar.<br data-start=\"851\" data-end=\"854\" \/>Queremos <strong data-start=\"863\" data-end=\"897\">ensinar, inspirar e acompanhar<\/strong>, para que cada decis\u00e3o financeira seja um passo consciente rumo \u00e0 independ\u00eancia.<\/p>\t\t\t\t\t\t\t\t<\/div>\n\t\t\t\t<\/div>\n\t\t\t\t<div class=\"elementor-element elementor-element-3edc32e elementor-widget elementor-widget-image\" data-id=\"3edc32e\" data-element_type=\"widget\" data-widget_type=\"image.default\">\n\t\t\t\t\t\t\t\t\t\t\t\t\t\t\t<img decoding=\"async\" width=\"800\" height=\"534\" src=\"https:\/\/professorpoupanca.pt\/wp-content\/uploads\/2026\/01\/Espaco-de-trabalho-financeiro-organizado-1024x683.png\" class=\"attachment-large size-large wp-image-219\" alt=\"\" srcset=\"https:\/\/professorpoupanca.pt\/wp-content\/uploads\/2026\/01\/Espaco-de-trabalho-financeiro-organizado-1024x683.png 1024w, https:\/\/professorpoupanca.pt\/wp-content\/uploads\/2026\/01\/Espaco-de-trabalho-financeiro-organizado-300x200.png 300w, https:\/\/professorpoupanca.pt\/wp-content\/uploads\/2026\/01\/Espaco-de-trabalho-financeiro-organizado-768x512.png 768w, https:\/\/professorpoupanca.pt\/wp-content\/uploads\/2026\/01\/Espaco-de-trabalho-financeiro-organizado.png 1536w\" sizes=\"(max-width: 800px) 100vw, 800px\" \/>\t\t\t\t\t\t\t\t\t\t\t\t\t\t\t<\/div>\n\t\t\t\t\t<\/div>\n\t\t\t\t<\/div>\n\t\t<div class=\"elementor-element elementor-element-8373550 e-flex e-con-boxed wpr-particle-no wpr-jarallax-no wpr-parallax-no wpr-sticky-section-no e-con e-parent\" data-id=\"8373550\" data-element_type=\"container\" data-settings=\"{&quot;background_background&quot;:&quot;classic&quot;}\">\n\t\t\t\t\t<div class=\"e-con-inner\">\n\t\t<div class=\"elementor-element elementor-element-0127be3 e-con-full e-flex wpr-particle-no wpr-jarallax-no wpr-parallax-no wpr-sticky-section-no e-con e-child\" data-id=\"0127be3\" data-element_type=\"container\">\n\t\t\t\t<div class=\"elementor-element elementor-element-6c1a11d elementor-widget elementor-widget-heading\" data-id=\"6c1a11d\" data-element_type=\"widget\" data-widget_type=\"heading.default\">\n\t\t\t\t\t<h2 class=\"elementor-heading-title elementor-size-default\">A Nossa Vis\u00e3o<\/h2>\t\t\t\t<\/div>\n\t\t\t\t<div class=\"elementor-element elementor-element-e7cad51 elementor-widget elementor-widget-text-editor\" data-id=\"e7cad51\" data-element_type=\"widget\" data-widget_type=\"text-editor.default\">\n\t\t\t\t\t\t\t\t\t<p data-start=\"171\" data-end=\"419\">Acreditamos que a verdadeira mudan\u00e7a come\u00e7a com pequenas decis\u00f5es di\u00e1rias.<br data-start=\"245\" data-end=\"248\" \/>Por isso, o nosso compromisso \u00e9 <strong data-start=\"280\" data-end=\"348\">tornar a educa\u00e7\u00e3o financeira pr\u00e1tica, acess\u00edvel e transformadora<\/strong> \u2014 para que qualquer pessoa possa gerir o seu dinheiro com confian\u00e7a.<\/p><p data-start=\"421\" data-end=\"672\">Queremos que quem nos segue perceba que \u00e9 poss\u00edvel <strong data-start=\"472\" data-end=\"531\">melhorar a vida financeira sem complica\u00e7\u00f5es nem jarg\u00f5es<\/strong>.<br data-start=\"532\" data-end=\"535\" \/>Compreender o dinheiro \u00e9 o primeiro passo para o usar de forma inteligente, proteger o que \u00e9 teu e alcan\u00e7ar estabilidade com seguran\u00e7a.<\/p><p data-start=\"421\" data-end=\"672\"><strong style=\"font-size: 1rem;\" data-start=\"674\" data-end=\"732\">N\u00e3o lhe mostramos apenas o caminho \u2014 caminhamos consigo<\/strong><span style=\"font-size: 1rem;\"> em cada etapa, com clareza, responsabilidade e empatia.<\/span><\/p>\t\t\t\t\t\t\t\t<\/div>\n\t\t\t\t<\/div>\n\t\t\t\t<div class=\"elementor-element elementor-element-977cea3 elementor-widget elementor-widget-image\" data-id=\"977cea3\" data-element_type=\"widget\" data-widget_type=\"image.default\">\n\t\t\t\t\t\t\t\t\t\t\t\t\t\t\t<img decoding=\"async\" width=\"683\" height=\"1024\" src=\"https:\/\/professorpoupanca.pt\/wp-content\/uploads\/2026\/01\/ChatGPT-Image-2_11_2025-22_05_56-683x1024.png\" class=\"attachment-large size-large wp-image-226\" alt=\"\" srcset=\"https:\/\/professorpoupanca.pt\/wp-content\/uploads\/2026\/01\/ChatGPT-Image-2_11_2025-22_05_56-683x1024.png 683w, https:\/\/professorpoupanca.pt\/wp-content\/uploads\/2026\/01\/ChatGPT-Image-2_11_2025-22_05_56-200x300.png 200w, https:\/\/professorpoupanca.pt\/wp-content\/uploads\/2026\/01\/ChatGPT-Image-2_11_2025-22_05_56-768x1152.png 768w, https:\/\/professorpoupanca.pt\/wp-content\/uploads\/2026\/01\/ChatGPT-Image-2_11_2025-22_05_56.png 1024w\" sizes=\"(max-width: 683px) 100vw, 683px\" \/>\t\t\t\t\t\t\t\t\t\t\t\t\t\t\t<\/div>\n\t\t\t\t\t<\/div>\n\t\t\t\t<\/div>\n\t\t<div class=\"elementor-element elementor-element-43243f0 e-flex e-con-boxed wpr-particle-no wpr-jarallax-no wpr-parallax-no wpr-sticky-section-no e-con e-parent\" data-id=\"43243f0\" data-element_type=\"container\" data-settings=\"{&quot;background_background&quot;:&quot;classic&quot;}\">\n\t\t\t\t\t<div class=\"e-con-inner\">\n\t\t<div class=\"elementor-element elementor-element-a434969 e-con-full e-flex wpr-particle-no wpr-jarallax-no wpr-parallax-no wpr-sticky-section-no e-con e-child\" data-id=\"a434969\" data-element_type=\"container\">\n\t\t\t\t<div class=\"elementor-element elementor-element-ec48ea1 elementor-align-center elementor-widget elementor-widget-button\" data-id=\"ec48ea1\" data-element_type=\"widget\" data-widget_type=\"button.default\">\n\t\t\t\t\t\t\t\t\t\t<a class=\"elementor-button elementor-button-link elementor-size-sm\" href=\"https:\/\/professorpoupanca.pt\/index.php\/contactos\/\">\n\t\t\t\t\t\t<span class=\"elementor-button-content-wrapper\">\n\t\t\t\t\t\t<span class=\"elementor-button-icon\">\n\t\t\t\t<svg aria-hidden=\"true\" class=\"e-font-icon-svg e-fas-phone-alt\" viewBox=\"0 0 512 512\" xmlns=\"http:\/\/www.w3.org\/2000\/svg\"><path d=\"M497.39 361.8l-112-48a24 24 0 0 0-28 6.9l-49.6 60.6A370.66 370.66 0 0 1 130.6 204.11l60.6-49.6a23.94 23.94 0 0 0 6.9-28l-48-112A24.16 24.16 0 0 0 122.6.61l-104 24A24 24 0 0 0 0 48c0 256.5 207.9 464 464 464a24 24 0 0 0 23.4-18.6l24-104a24.29 24.29 0 0 0-14.01-27.6z\"><\/path><\/svg>\t\t\t<\/span>\n\t\t\t\t\t\t\t\t\t<span class=\"elementor-button-text\">FALA CONNOSCO<\/span>\n\t\t\t\t\t<\/span>\n\t\t\t\t\t<\/a>\n\t\t\t\t\t\t\t\t<\/div>\n\t\t\t\t<div class=\"elementor-element elementor-element-a4c565d elementor-widget elementor-widget-text-editor\" data-id=\"a4c565d\" data-element_type=\"widget\" data-widget_type=\"text-editor.default\">\n\t\t\t\t\t\t\t\t\t<p>Se quer perceber como pode melhorar as suas finan\u00e7as,<br data-start=\"1664\" data-end=\"1667\" \/><strong data-start=\"1667\" data-end=\"1727\">fale connosco para analisarmos o seu caso gratuitamente.<\/strong><\/p>\t\t\t\t\t\t\t\t<\/div>\n\t\t\t\t<\/div>\n\t\t\t\t\t<\/div>\n\t\t\t\t<\/div>\n\t\t\t\t<\/div>\n\t\t","protected":false},"excerpt":{"rendered":"<p>SOBRE N\u00d3S Acreditamos que compreender o dinheiro \u00e9 o primeiro passo para alcan\u00e7ar estabilidade, seguran\u00e7a e liberdade financeira. Quem Somos O Professor Poupan\u00e7a nasceu com uma miss\u00e3o simples: ajudar os portugueses a tomarem melhores decis\u00f5es financeiras.Acreditamos que entender o dinheiro \u00e9 o primeiro passo para viver com mais estabilidade, seguran\u00e7a e liberdade. O Que Fazemos Cri\u00e1mos um espa\u00e7o de educa\u00e7\u00e3o financeira acess\u00edvel e pr\u00e1tica, onde partilhamos conhecimento sobre poupan\u00e7a, habita\u00e7\u00e3o, fam\u00edlia e sa\u00fade.Falamos de dinheiro de forma simples, clara e pr\u00f3xima, para que qualquer pessoa consiga compreender melhor as suas escolhas financeiras no dia a dia. Mais do que informa\u00e7\u00e3o, promovemos consci\u00eancia e autonomia. Ajudamos quem nos acompanha a refletir, a organizar-se e a ganhar confian\u00e7a para tomar decis\u00f5es informadas, alinhadas com os seus objetivos e com a sua realidade. N\u00e3o queremos apenas informar.Queremos ensinar, inspirar e acompanhar, para que cada decis\u00e3o financeira seja um passo consciente rumo \u00e0 independ\u00eancia. A Nossa Vis\u00e3o Acreditamos que a verdadeira mudan\u00e7a come\u00e7a com pequenas decis\u00f5es di\u00e1rias.Por isso, o nosso compromisso \u00e9 tornar a educa\u00e7\u00e3o financeira pr\u00e1tica, acess\u00edvel e transformadora \u2014 para que qualquer pessoa possa gerir o seu dinheiro com confian\u00e7a. Queremos que quem nos segue perceba que \u00e9 poss\u00edvel melhorar a vida financeira sem complica\u00e7\u00f5es nem jarg\u00f5es.Compreender o dinheiro \u00e9 o primeiro passo para o usar de forma inteligente, proteger o que \u00e9 teu e alcan\u00e7ar estabilidade com seguran\u00e7a. N\u00e3o lhe mostramos apenas o caminho \u2014 caminhamos consigo em cada etapa, com clareza, responsabilidade e empatia. FALA CONNOSCO Se quer perceber como pode melhorar as suas finan\u00e7as,fale connosco para analisarmos o seu caso gratuitamente.<\/p>\n","protected":false},"author":1,"featured_media":0,"parent":0,"menu_order":0,"comment_status":"closed","ping_status":"closed","template":"elementor_header_footer","meta":{"footnotes":""},"class_list":["post-204","page","type-page","status-publish","hentry"],"_links":{"self":[{"href":"https:\/\/professorpoupanca.pt\/index.php\/wp-json\/wp\/v2\/pages\/204","targetHints":{"allow":["GET"]}}],"collection":[{"href":"https:\/\/professorpoupanca.pt\/index.php\/wp-json\/wp\/v2\/pages"}],"about":[{"href":"https:\/\/professorpoupanca.pt\/index.php\/wp-json\/wp\/v2\/types\/page"}],"author":[{"embeddable":true,"href":"https:\/\/professorpoupanca.pt\/index.php\/wp-json\/wp\/v2\/users\/1"}],"replies":[{"embeddable":true,"href":"https:\/\/professorpoupanca.pt\/index.php\/wp-json\/wp\/v2\/comments?post=204"}],"version-history":[{"count":74,"href":"https:\/\/professorpoupanca.pt\/index.php\/wp-json\/wp\/v2\/pages\/204\/revisions"}],"predecessor-version":[{"id":1343,"href":"https:\/\/professorpoupanca.pt\/index.php\/wp-json\/wp\/v2\/pages\/204\/revisions\/1343"}],"wp:attachment":[{"href":"https:\/\/professorpoupanca.pt\/index.php\/wp-json\/wp\/v2\/media?parent=204"}],"curies":[{"name":"wp","href":"https:\/\/api.w.org\/{rel}","templated":true}]}}